{"id":87178,"date":"2016-04-09T01:56:00","date_gmt":"2016-04-08T17:56:00","guid":{"rendered":"http:\/\/www.symedialab.org.hk\/talk\/?page_id=87178"},"modified":"2016-04-09T01:56:32","modified_gmt":"2016-04-08T17:56:32","slug":"%e7%b4%84%e7%bf%b0%e6%9d%be","status":"publish","type":"page","link":"https:\/\/www.symedialab.com\/talk\/%e7%b4%84%e7%bf%b0%e6%9d%be\/","title":{"rendered":"\u7d04\u7ff0\u677e"},"content":{"rendered":"<p>\u7d04\u7ff0\u677e\uff08Sigurdur Ingi Johannsson\uff09<\/p>\n<p>\u8eab\u4efd\uff1a\u51b0\u5cf6\u7e3d\u7406<\/p>\n<p>\u51fa\u751f\uff1a1962\u5e744\u670820\u65e5\u751f\u65bcSelfoss<\/p>\n<p>\u6240\u5c6c\u653f\u9ee8\uff1a\u9032\u6b65\u9ee8<\/p>\n<p>\u7c21\u6b77\uff1a<\/p>\n<p>\u20272009\u5e744\u6708\u9996\u6b21\u7576\u9078\u51b0\u5cf6\u8b70\u6703\u8b70\u54e1<\/p>\n<p>\u20272013\u5e745\u670823\u65e5\u81f32014\u5e7412\u670831\u65e5\uff0c\u51fa\u4efb\u74b0\u5883\u548c\u8cc7\u6e90\u90e8\u9577\u3002<\/p>\n<p>\u20272013\u5e745\u670823\u65e5\u8d77\uff0c\u51fa\u4efb\u6f01\u696d\u548c\u8fb2\u696d\u90e8\u9577\u3002<\/p>\n<p>\u20272016\u5e744\u67087\u65e5\uff0c\u51b0\u5cf6\u7e3d\u7406\u8fa6\u516c\u5ba4\u5ba3\u5e03\uff0c\u7e3d\u7d71\u683c\u88e1\u59c6\u677e\u6279\u51c6\u9032\u6b65\u515a\u526f\u4e3b\u5e2d\u7d04\u7ff0\u677e\u70ba\u51b0\u5cf6\u65b0\u4e00\u4efb\u7e3d\u7406\uff0c\u63a5\u66ff\u8eab\u9677\u907f\u7a05\u919c\u805e\u8fad\u8077\u7684\u539f\u7e3d\u7406\u4eac\u52d2\u4f0a\u683c\u677e\u30024\u67088\u65e5\u5ba3\u8a93\u6b63\u5f0f\u63a5\u4efb\u7e3d\u7406\u3002<\/p>\n","protected":false},"excerpt":{"rendered":"<p>\u7d04\u7ff0\u677e\uff08Sigurdur Ingi Johannsson\uff09 \u8eab\u4efd\uff1a\u51b0\u5cf6\u7e3d\u7406 \u51fa\u751f\uff1a1962\u5e744\u670820\u65e5\u751f\u65bcSelfoss \u6240\u5c6c\u653f\u9ee8\uff1a\u9032\u6b65\u9ee8 \u7c21\u6b77\uff1a \u20272009\u5e744\u6708\u9996\u6b21\u7576\u9078\u51b0\u5cf6\u8b70\u6703\u8b70\u54e1 \u20272013\u5e745\u670823\u65e5\u81f32014\u5e7412\u670831\u65e5\uff0c\u51fa\u4efb\u74b0\u5883\u548c\u8cc7\u6e90\u90e8\u9577\u3002 \u20272013\u5e745\u670823\u65e5\u8d77\uff0c\u51fa\u4efb\u6f01\u696d\u548c\u8fb2\u696d\u90e8\u9577\u3002 \u20272016\u5e744\u67087\u65e5\uff0c\u51b0\u5cf6\u7e3d\u7406\u8fa6\u516c\u5ba4\u5ba3\u5e03\uff0c\u7e3d\u7d71\u683c\u88e1\u59c6\u677e\u6279\u51c6\u9032\u6b65\u515a\u526f\u4e3b\u5e2d\u7d04\u7ff0\u677e\u70ba\u51b0\u5cf6\u65b0\u4e00\u4efb\u7e3d\u7406\uff0c\u63a5\u66ff\u8eab\u9677\u907f\u7a05\u919c\u805e\u8fad\u8077\u7684\u539f\u7e3d\u7406\u4eac\u52d2\u4f0a\u683c\u677e\u30024\u67088\u65e5\u5ba3\u8a93\u6b63\u5f0f\u63a5\u4efb\u7e3d\u7406\u3002<\/p>\n","protected":false},"author":1207,"featured_media":87179,"parent":0,"menu_order":0,"comment_status":"open","ping_status":"open","template":"page-templates\/who-events.php","meta":[],"jetpack_shortlink":"https:\/\/wp.me\/PaaypJ-mG6","jetpack-related-posts":[{"id":86919,"url":"https:\/\/www.symedialab.com\/talk\/%e4%ba%ac%e5%8b%92%e4%bc%8a%e6%a0%bc%e6%9d%be\/","url_meta":{"origin":87178,"position":0},"title":"\u4eac\u52d2\u4f0a\u683c\u677e","author":"Patricia Leung","date":"April 6, 2016","format":false,"excerpt":"\u4eac\u52d2\u4f0a\u683c\u677e\uff08Sigmundur David Gunnlaugsson\uff09 \u8eab\u4efd\uff1a\u51b0\u5cf6\u524d\u7e3d\u7406 \u51fa\u751f\uff1a1975\u5e743\u670812\u65e5 \u5b78\u6b77\uff1a \u2027\u7562\u696d\u65bc\u54e5\u672c\u54c8\u6839\u5927\u5b78\u53ca\u725b\u6d25\u5927\u5b78\uff0c\u7372\u5f97\u7d93\u6fdf\u5b78\u548c\u653f\u6cbb\u5b78\u5b78\u4f4d\u3002 \u5bb6\u5ead\uff1a \u2027\u59bb\u5b50Anna Sigurlaug P\u00e1lsd\u00f3ttir \u7c21\u6b77\uff1a \u20272009\u5e741\u670818\u65e5\uff0c\u4ee540.9%\u7684\u9ee8\u5167\u9078\u7968\u64ca\u6557\u7d22\u54c8\u723e\u677e\uff08H\u00f6skuldur \u00de\u00f3rhallsson\uff09\u768437.9%\u5f97\u7968\uff0c\u7576\u9078\u9032\u6b65\u9ee8\u4e3b\u5e2d\u3002 \u20272013\u5e744\u670827\u65e5\uff0c\u51b0\u5cf6\u9032\u6b65\u9ee8\u8207\u7368\u7acb\u9ee8\u7d44\u6210\u7684\u4e2d\u53f3\u806f\u76df\u5728\u51b0\u5cf6\u8b70\u6703\u9078\u8209\u4e2d\u7372\u52dd\uff0c\u8d0f\u5f9719\u500b\u5e2d\u4f4d\uff0c\u5169\u9ee8\u540c\u610f\u753138\u6b72\u7684\u4eac\u52d2\u4f0a\u683c\u677e\u51fa\u4efb\u7e3d\u7406\uff0c\u662f\u51b0\u5cf6\u5171\u548c\u570b\u6b77\u53f2\u4e0a\u6700\u5e74\u8f15\u7684\u7e3d\u7406\uff0c\u4e5f\u662f\u4e16\u754c\u4e0a\u5e74\u9f61\u6700\u5c0f\u7684\u6c11\u9078\u653f\u5e9c\u9996\u8166\u3002 \u20272016\u5e744\u6708\u521d\uff0c\u5df4\u62ff\u99ac\u6587\u4ef6\u63ed\u9732\uff0c\u4eac\u52d2\u4f0a\u683c\u677e\u8207\u59bb\u5b502007\u5e74\u900f\u904e\u83ab\u85a9\u514b\u99ae\u8cfd\u5361\u5f8b\u5e2b\u884c\uff0c\u5728\u82f1\u5c6c\u8655\u5973\u7fa4\u5cf6\u6210\u7acb\u4e00\u9593\u96e2\u5cb8\u516c\u53f8\uff0c\u4e26\u4ee5\u50b5\u5238\u5f62\u5f0f\u5728\u51b0\u5cf63\u9593\u4e3b\u8981\u9280\u884c\u6295\u8cc7\uff0c\u96b1\u779e\u6578\u4ee5\u767e\u842c\u7f8e\u5143\u7684\u8cc7\u7522\uff0c\u4e26\u6d89\u53ca\u5229\u76ca\u885d\u7a81\uff0c\u89f8\u767c\u591a\u500b\u653f\u9ee8\u548c\u5927\u6279\u6c11\u773e\u8981\u6c42\u4ed6\u4e0b\u53f0\u3002 \u20272016\u5e744\u67085\u65e5\uff0c\u4eac\u52d2\u4f0a\u683c\u677e\u5728\u9032\u6b65\u9ee8\u8b70\u6703\u6210\u54e1\u6703\u8b70\u4e0a\u5ba3\u5e03\u8fad\u53bb\u7e3d\u7406\u4e00\u8077\uff0c\u5f97\u5230\u9032\u6b65\u515a\u8b70\u6703\u6210\u54e1\u540c\u610f\u3002\u4eac\u52d2\u4f0a\u683c\u677e\u4ecd\u5c07\u64d4\u4efb\u9032\u6b65\u9ee8\u4e3b\u5e2d\u4e00\u8077\u3002","rel":"","context":"Similar post","block_context":{"text":"Similar post","link":""},"img":{"alt_text":"","src":"https:\/\/i0.wp.com\/www.symedialab.com\/talk\/wp-content\/uploads\/2016\/04\/4d086e061d950a7b1f087bd10ed162d9f2d3c9e1-e1459929216543.jpg?resize=350%2C200&ssl=1","width":350,"height":200},"classes":[]},{"id":30619,"url":"https:\/\/www.symedialab.com\/talk\/%e6%a0%bc%e9%87%8c%e5%a7%86%e6%9d%be\/","url_meta":{"origin":87178,"position":1},"title":"\u683c\u91cc\u59c6\u677e","author":"Patricia Leung","date":"March 9, 2015","format":false,"excerpt":"\u5967\u62c9\u7dad\u723e\u00b7\u62c9\u683c\u7d0d\u00b7\u683c\u91cc\u59c6\u677e\uff08\u00d3lafur Ragnar Gr\u00edmsson\uff09 \u8eab\u4efd\uff1a\u51b0\u5cf6\u7e3d\u7d71 \u51fa\u751f\uff1a1943\u5e745\u67084\u65e5\u751f\u65bc\u51b0\u5cf6\u4f0a\u85a9\u83f2\u5384\u6fa4\uff08\u00cdsafj\u00f6r\u00f0ur\uff09 \u5b97\u6559\uff1a\u4fe1\u7fa9\u5b97 \u5b78\u6b77\uff1a \u20271962\u5e74\u81f31970\u5e74\uff1a\u5728\u82f1\u570b\u66fc\u5fb9\u65af\u7279\u5927\u5b78\u4fee\u8b80\u7d93\u6fdf\u5b78\u548c\u653f\u6cbb\u5b78 \u5bb6\u5ead\uff1a \u2027\u524d\u59bbGu\u00f0r\u00fan Katr\u00edn \u00deorbergsd\u00f3ttir\uff081998\u5e74\u56e0\u767d\u8840\u75c5\u901d\u4e16\uff09 \u2027\u73fe\u4efb\u59bb\u5b50Dorrit Moussaieff \u2027\u80b2\u6709\u5169\u500b\u5973\u5152 \u7c21\u6b77\uff1a \u20271966\u5e74\u81f31973\u5e74\uff1a\u51b0\u5cf6\u5e74\u8f15\u9032\u6b65\u9ee8\u4eba\u59d4\u54e1\u6703\u59d4\u54e1 \u20271970\u5e74\u81f31988\u5e74\uff1a\u51b0\u5cf6\u5927\u5b78\u653f\u6cbb\u5b78\u8b1b\u5e2b\u3001\u6559\u6388 \u20271971\u5e74\u81f31973\u5e74\uff1a\u9032\u6b65\u9ee8\u57f7\u59d4\u6703\u59d4\u54e1 \u20271974\u5e74\u81f31975\u5e74\uff1a\u81ea\u7531\u5de6\u7ffc\u806f\u76df\u57f7\u59d4\u6703\u4e3b\u5e2d \u20271978\u5e74\uff1a\u4eba\u6c11\u806f\u76df\u9ee8\u8b70\u54e1 \u20271980\u5e74\u81f31983\u5e74\uff1a\u8b70\u6703\u9ee8\u5718\u4e3b\u5e2d \u20271983\u5e74\u81f31985\u5e74\uff1a\u4eba\u6c11\u806f\u76df\u9ee8\u9ee8\u5831\u300a\u4eba\u6c11\u610f\u5fd7\u300b\u4e3b\u7de8 \u20271988\u5e74\u81f31991\u5e74\uff1a\u8ca1\u653f\u90e8\u9577 \u20271987\u5e74\u81f31995\u5e74\uff1a\u4eba\u6c11\u806f\u76df\u4e3b\u5e2d \u20271996\u5e74\u7576\u9078\u7e3d\u7d71\uff0c\u4e26\u65bc2000\u5e74\u30012004\u5e74\u30012008\u5e74\u30012012\u5e74\u9023\u4efb\u3002 \u00a0","rel":"","context":"Similar post","block_context":{"text":"Similar post","link":""},"img":{"alt_text":"","src":"https:\/\/i0.wp.com\/www.symedialab.com\/talk\/wp-content\/uploads\/2015\/03\/439.jpg?resize=350%2C200&ssl=1","width":350,"height":200},"classes":[]},{"id":30552,"url":"https:\/\/www.symedialab.com\/talk\/%e9%98%bf%e5%8d%9a%e7%89%b9\/","url_meta":{"origin":87178,"position":2},"title":"\u963f\u535a\u7279","author":"Patricia Leung","date":"March 9, 2015","format":false,"excerpt":"\u5b89\u6771\u5c3c\u00b7\u7d04\u7ff0\u00b7\u963f\u535a\u7279\uff08Anthony John Abbott\uff09 \u8eab\u4efd\uff1a\u6fb3\u6d32\u524d\u7e3d\u7406 \u51fa\u751f\uff1a1957\u5e7411\u67084\u65e5\u751f\u65bc\u82f1\u570b\u502b\u6566 \u5b78\u6b77\uff1a \u2027\u6fb3\u6d32\u6089\u5c3c\u5927\u5b78\u7d93\u6fdf\u5b78\u548c\u6cd5\u5b78\u96d9\u5b78\u58eb\u5b78\u4f4d \u20271982\u5e74\u7372\u7f85\u5fb7\u734e\u5b78\u91d1\uff0c\u524d\u5f80\u725b\u6d25\u5927\u5b78\u738b\u540e\u5b78\u9662\u4e3b\u4fee\u653f\u6cbb\u548c\u54f2\u5b78\uff0c\u7372\u6587\u5b78\u78a9\u58eb\u5b78\u4f4d\u3002 \u20271983\u5e74\uff0c\u9032\u5165\u6089\u5c3c\u66fc\u5229\uff08Manly\uff09\u300c\u8056\u5e15\u7279\u91cc\u514b\u795e\u5b78\u9662\u300d\u9032\u4fee\u6210\u70ba\u5929\u4e3b\u6559\u795e\u8077\u4eba\u54e1\uff0c\u4f46\u4e2d\u9014\u6c7a\u5b9a\u8f49\u696d\u96e2\u958b\u795e\u5b78\u9662\u3002 \u5bb6\u5ead\uff1a \u2027\u7236\u89aaRichard Abbott \u2027\u6bcd\u89aaFay Peters \u2027\u59bb\u5b50Margaret Abbott \u2027\u80b2\u67093\u500b\u5973\u5152 \u7c21\u6b77\uff1a \u20271960\u5e74\uff0c\u751f\u65bc\u82f1\u570b\u7684\u963f\u535a\u7279\u8207\u5bb6\u4eba\u9077\u56de\u6fb3\u6d32\uff0c\u5b9a\u5c45\u6089\u5c3c\u3002 \u2027\u65e9\u5e74\u66fe\u64d4\u4efb\u300a\u6fb3\u6d32\u4eba\u5831\u300b\u8a18\u8005\uff0c\u6587\u7ae0\u63aa\u8fad\u5f37\u786c\uff0c\u4e3b\u8981\u62a8\u64ca\u5de5\u6703\u548c\u5de6\u7ffc\u653f\u6cbb\u5718\u9ad4\uff0c\u5f8c\u4f86\u6210\u70ba\u6642\u4efb\u81ea\u7531\u9ee8\u9818\u8896\u7d04\u7ff0\u00b7\u4f11\u68ee\u7684\u65b0\u805e\u79d8\u66f8\uff0c\u958b\u59cb\u6295\u8eab\u653f\u754c\u3002 \u20271994\u5e743\u6708\uff0c\u5728\u6089\u5c3c\u83ef\u4ee4\u52a0\u7684\u88dc\u9078\u4e2d\uff0c\u7576\u9078\u70ba\u6fb3\u6d32\u773e\u8b70\u9662\u8b70\u54e1\u3002\u6b64\u5f8c\uff0c\u6b77\u4efb\u4eba\u529b\u8cc7\u6e90\u3001\u6559\u80b2\u548c\u9752\u5e74\u4e8b\u52d9\u90e8\u90e8\u9577\u7684\u653f\u52d9\u6b21\u9577\uff0c\u52de\u5de5\u670d\u52d9\u90e8\u90e8\u9577\u7b49\u8077\u3002 \u20272000\u5e74\uff0c\u7372\u63d0\u62d4\u9032\u5165\u7d04\u7ff0\u00b7\u970d\u83ef\u5fb7\u653f\u5e9c\u5167\u95a3\uff0c\u5148\u5f8c\u51fa\u4efb\u52de\u5de5\u95dc\u4fc2\u90e8\u3001\u885b\u751f\u548c\u8001\u5e74\u4e8b\u52d9\u90e8\u90e8\u9577\u3002 \u20272001\u5e74\u81f32007\u5e74\uff0c\u64d4\u4efb\u653f\u5e9c\u773e\u8b70\u9662\u9818\u8896\u3002 \u20272009\u5e7411\u6708\uff0c\u56e0\u8207\u6642\u4efb\u81ea\u7531\u9ee8\u9818\u8896\u9ea5\u80af\u00b7\u9a30\u535a\u5728\u300c\u662f\u5426\u8207\u6fb3\u6d32\u806f\u90a6\u653f\u5e9c\u5c31\u4f01\u696d\u6c23\u9ad4\u6392\u653e\u8cfc\u8cb7\u8a08\u5283\uff08ETS\uff09\u9054\u6210\u5354\u8b70\u300d\u7684\u554f\u984c\u4e0a\u7522\u751f\u5206\u6b67\uff0c\u963f\u535a\u7279\u7b497\u540d\u81ea\u7531\u9ee8\u524d\u6392\u8b70\u54e1\u96c6\u9ad4\u8fad\u8077\uff0c\u4ee5\u793a\u6297\u8b70\u3002 \u20272009\u5e7412\u67081\u65e5\uff0c\u5728\u81ea\u7531\u9ee8\u5167\u90e8\u7684\u9818\u8896\u6b0a\u6295\u7968\u4e2d\uff0c\u963f\u535a\u7279\u6210\u529f\u64ca\u6557\u53e6\u5169\u4f4d\u5019\u9078\u4eba\u9a30\u535a\u548c\u5f71\u5b50\u8ca1\u653f\u90e8\u9577\u55ac\u00b7\u970d\u57fa\uff0c\u6210\u70ba\u81ea\u7531\u9ee8\u806f\u90a6\u9818\u8896\u3002\u3002 \u20272013\u5e749\u67087\u65e5\uff0c\u963f\u535a\u7279\u5728\u806f\u90a6\u5927\u9078\u4e2d\u8207\u6731\u8389\u00b7\u7562\u66c9\u666e\uff0c\u5e36\u9818\u81ea\u7531\u570b\u5bb6\u9ee8\u806f\u76df\u6210\u529f\u64ca\u6557\u5de5\u9ee8\uff0c\u596a\u5f9790\u500b\u5e2d\u6b21\u3002\u963f\u535a\u7279\u65bc9\u670818\u65e5\u7372\u5f97\u7e3d\u7763\u4efb\u547d\u70ba\u7e3d\u7406\uff0c\u4e26\u5ba3\u8a93\u5c31\u8077\u3002 \u20272015\u5e749\u670814\u65e5\uff0c\u963f\u535a\u7279\u906d\u9ee8\u5167\u903c\u5bae\uff0c\u539f\u901a\u8a0a\u90e8\u9577\u7279\u6069\u5e03\u723e\u5728\u9ee8\u5718\u9078\u8209\u4e2d\u52dd\u51fa\uff0c\u5c07\u6210\u70ba\u7e3d\u7406\uff0c\u963f\u535a\u7279\u4e0b\u53f0\u3002","rel":"","context":"Similar post","block_context":{"text":"Similar post","link":""},"img":{"alt_text":"","src":"https:\/\/i0.wp.com\/www.symedialab.com\/talk\/wp-content\/uploads\/2015\/03\/386.jpg?resize=350%2C200&ssl=1","width":350,"height":200},"classes":[]},{"id":30533,"url":"https:\/\/www.symedialab.com\/talk\/%e6%9d%8e%e9%a1%af%e9%be%8d\/","url_meta":{"origin":87178,"position":3},"title":"\u674e\u986f\u9f8d","author":"Patricia Leung","date":"March 9, 2015","format":false,"excerpt":"\u674e\u986f\u9f8d\uff08Lee Hsien Loong\uff09 \u8eab\u4efd\uff1a\u65b0\u52a0\u5761\u7e3d\u7406\u3001\u4eba\u6c11\u884c\u52d5\u9ee8\u79d8\u66f8\u9577 \u51fa\u751f\uff1a1952\u5e742\u670810\u65e5\u751f\u65bc\u65b0\u52a0\u5761 \u5b78\u6b77\uff1a \u2027\u66fe\u5c31\u8b80\u5357\u6d0b\u5c0f\u5b78\u3001\u516c\u6559\u4e2d\u5b78\uff08Catholic High School\uff09\u3001\u570b\u5bb6\u521d\u7d1a\u5b78\u9662 \u20271971\u5e74\uff0c\u7372\u516c\u5171\u670d\u52d9\u59d4\u54e1\u6703\uff08Public Service Commission\uff09\u9812\u767c\u7e3d\u7d71\u734e\u5b78\u91d1\u53ca\u65b0\u52a0\u5761\u6b66\u88dd\u90e8\u968a\u6d77\u5916\u734e\u5b78\u91d1\uff08Singapore Armed Forces Overseas Scholarship\uff09\uff0c\u5230\u528d\u6a4b\u5927\u5b78\u4e09\u4e00\u5b78\u9662\u4fee\u8b80\u6578\u5b78\u3002 \u20271973\u5e74\uff0c\u7372\u8cc7\u6df1\u862d\u683c\u52d2\u982d\u929c\uff08Senior Wrangler\uff0c\u528d\u6a4b\u5927\u5b78\u6578\u5b78\u5c16\u5b50\u751f\uff09\u3002 \u20271974\u5e74\uff0c\u7372\u6578\u5b78\u4e00\u7b49\u69ae\u8b7d\u53ca\u528d\u6a4b\u5927\u5b78\u8a08\u7b97\u6a5f\u79d1\u5b78\u6587\u6191\uff08\u512a\u7570\uff09\u3002 \u20271978\u5e74\uff0c\u5c31\u8b80\u840a\u6587\u6c83\u601d\u5821\uff08Fort Leavenworth\uff09\u7f8e\u570b\u9678\u8ecd\u6307\u63ee\u53c3\u8b00\u5b78\u9662\uff08United States Army Command and General Staff College\uff09\u3002 \u20271980\u5e74\uff0c\u7372\u54c8\u4f5b\u5927\u5b78\u7d04\u7ff0\u00b7F\u00b7\u7518\u8ffa\u8fea\u653f\u5e9c\u5b78\u9662\u516c\u5171\u884c\u653f\u78a9\u58eb\u5b78\u4f4d\u3002 \u5bb6\u5ead\uff1a \u2027\u7236\u89aa\u674e\u5149\u8000\u662f\u65b0\u52a0\u5761\u7b2c\u4e00\u4efb\u7e3d\u7406 \u2027\u6bcd\u89aa\u67ef\u7389\u829d \u2027\u7b2c\u4e00\u4efb\u59bb\u5b50\u9ec3\u540d\u63da\u65bc\u99ac\u4f86\u897f\u4e9e\u51fa\u751f\uff0c\u662f\u4e00\u540d\u91ab\u751f\u3002 \u2027\u7b2c\u4e8c\u4efb\u59bb\u5b50\u4f55\u6676\u662f\u4e00\u540d\u516c\u52d9\u54e1\uff0c\u96a8\u5f8c\u6210\u70ba\u6de1\u99ac\u932b\u63a7\u80a1\u57f7\u884c\u8463\u4e8b\u53ca\u884c\u653f\u7e3d\u88c1\u3002 \u2027\u80b2\u6709\u4e00\u5973\u4e09\u5b50\uff1a\u5973\u5152\u4fee\u9f4a\uff0c\u5152\u5b50\u6bc5\u9d6c\u3001\u9d3b\u6bc5\u3001\u6d69\u6bc5\u3002 \u7c21\u6b77\uff1a \u20271971\u5e74\u52a0\u5165\u65b0\u52a0\u5761\u6b66\u88dd\u90e8\u968a\u30021983\u5e747\u6708\uff0c\u6210\u70ba\u65b0\u52a0\u5761\u6709\u53f2\u4ee5\u4f86\u6700\u5e74\u8f15\u7684\u6e96\u5c07\u3002 \u20271984\u5e74\u7576\u9078\u570b\u6703\u8b70\u54e1\uff0c\u5176\u5f8c\u7372\u65b0\u52a0\u5761\u7e3d\u7406\u3001\u5176\u7236\u89aa\u674e\u5149\u8000\u59d4\u4efb\u70ba\u8cbf\u5de5\u90e8\uff08Ministry of Trade and Industry\uff09\u53ca\u570b\u9632\u90e8\uff08Ministry of Defence\uff09\u653f\u52d9\u90e8\u9577\u3002 \u20271985\u5e74\u51fa\u4efb\u7d93\u6fdf\u59d4\u54e1\u6703\u4e3b\u5e2d \u20271986\u5e74\u7372\u59d4\u4efb\u70ba\u8cbf\u5de5\u90e8\u4ee3\u90e8\u9577 \u20271987\u5e74\u6210\u70ba\u5167\u95a3\u6b63\u5f0f\u6210\u54e1\uff0c\u51fa\u4efb\u8cbf\u5de5\u90e8\u9577\u53ca\u570b\u9632\u90e8\u7b2c\u4e8c\u90e8\u9577\u3002 \u20271986\u5e74\u64d4\u4efb\u4eba\u6c11\u884c\u52d5\u9ee8\u9752\u5e74\u59d4\u54e1\u6703\uff08PAP Youth Committee\uff09\u4e3b\u5e2d\u2026","rel":"","context":"Similar post","block_context":{"text":"Similar post","link":""},"img":{"alt_text":"","src":"","width":0,"height":0},"classes":[]},{"id":107676,"url":"https:\/\/www.symedialab.com\/talk\/%e8%8b%b1%e6%a0%bc%e5%88%a9%e5%b8%8c\/","url_meta":{"origin":87178,"position":4},"title":"\u82f1\u683c\u5229\u5e0c","author":"Patricia Leung","date":"December 13, 2016","format":false,"excerpt":"\u82f1\u683c\u5229\u5e0c\uff08Bill English\uff09 \u8eab\u4efd\uff1a\u65b0\u897f\u862d\u7e3d\u7406 \u51fa\u751f\uff1a1961\u5e7412\u670830\u65e5\u751f\u65bc\u65b0\u897f\u862dLumsden \u5b78\u6b77\uff1a \u2027\u7562\u696d\u65bcUniversity of Otago\u3001Victoria University \u5bb6\u5ead\uff1a \u2027\u59bb\u5b50Mary English \u2027\u80b2\u67096\u540d\u5b50\u5973 \u6240\u5c6c\u653f\u9ee8\uff1a\u570b\u5bb6\u9ee8 \u7c21\u6b77\uff1a \u2027\u51fa\u8eab\u65bc\u5357\u5cf6\u5929\u4e3b\u6559\u8fb2\u696d\u5bb6\u5ead \u20271990\u5e7410\u670827\u65e5\u81f31996\u5e7410\u670812\u65e5\uff1a\u65b0\u897f\u862d\u570b\u6703\u8b70\u54e1\uff08\u83ef\u840a\u58eb\u9078\u5340\uff09 \u20271996\u5e7410\u670812\u65e5\u81f32014\u5e749\u670820\u65e5\uff1a\u65b0\u897f\u862d\u570b\u6703\u8b70\u54e1\uff08Clutha-Southland\u9078\u5340\uff09 \u20271999\u5e746\u670822\u65e5\u81f31999\u5e7412\u67085\u65e5\uff1a\u65b0\u897f\u862d\u8ca1\u52d9\u90e8\u9577 \u20272001\u5e7410\u67088\u65e5\u81f32003\u5e7410\u670828\u65e5\uff1a\u65b0\u897f\u862d\u570b\u5bb6\u9ee8\u9ee8\u9b41 \u20272008\u5e7411\u670819\u65e5\u81f32011\u5e7412\u670814\u65e5\uff1a\u65b0\u897f\u862d\u57fa\u5efa\u90e8\u9577 \u20272006\u5e7411\u670827\u65e5\u8d77\uff1a\u65b0\u897f\u862d\u570b\u5bb6\u9ee8\u526f\u9ee8\u9b41 \u20272008\u5e7411\u670819\u65e5\u8d77\uff1a\u65b0\u897f\u862d\u526f\u7e3d\u7406\u3001\u8ca1\u653f\u90e8\u9577 \u20272016\u5e7412\u67085\u65e5\uff1a\u7d04\u7ff0\u00b7\u57fa\u63d0\u51fa\u8fad\u8077\uff0c\u82f1\u683c\u5229\u5e0c\u65bc\u9ee8\u9b41\u9078\u8209\u52dd\u51fa\uff0c\u518d\u6b21\u64d4\u4efb\u570b\u5bb6\u9ee8\u9ee8\u9b41\u53ca\u51fa\u4efb\u7e3d\u7406\u3002","rel":"","context":"Similar post","block_context":{"text":"Similar post","link":""},"img":{"alt_text":"","src":"https:\/\/i0.wp.com\/www.symedialab.com\/talk\/wp-content\/uploads\/2016\/12\/BE_Beehive.jpg?resize=350%2C200&ssl=1","width":350,"height":200},"classes":[]},{"id":30544,"url":"https:\/\/www.symedialab.com\/talk\/%e9%bb%98%e5%85%8b%e7%88%be\/","url_meta":{"origin":87178,"position":5},"title":"\u9ed8\u514b\u723e","author":"Patricia Leung","date":"March 9, 2015","format":false,"excerpt":"\u5b89\u683c\u62c9\u00b7\u591a\u7f85\u7279\u5a6d\u00b7\u9ed8\u514b\u723e\uff08Angela Dorothea Merkel\uff09 \u8eab\u4efd\uff1a\u5fb7\u570b\u7e3d\u7406 \u539f\u540d\uff1a\u5b89\u683c\u62c9\u00b7\u591a\u7f85\u7279\u5a6d\u00b7\u5361\u65af\u7d0d\uff08Angela Dorothea Kasner\uff09\uff0c\u9ed8\u514b\u723e\uff08Merkel\uff09\u662f\u7b2c\u4e00\u4efb\u4e08\u592b\u7684\u59d3\u6c0f\uff0c\u96e2\u5a5a\u5f8c\u4fdd\u7559\u4e0b\u4f86\u3002 \u51fa\u751f\uff1a1954\u5e747\u670817\u65e5\u751f\u65bc\u5fb7\u570b\u6f22\u5821 \u5b97\u6559\uff1a\u57fa\u7763\u6559 \u5b78\u6b77\uff1a \u20271973\u5e74\u81f31978\u5e74\uff1a\u653b\u8b80\u840a\u6bd4\u932b\u5927\u5b78\u653b\u8b80\u7269\u7406\u5b78 \u20271978\u5e74\u81f31990\u5e74\uff1a\u5728\u5fb7\u570b\u79d1\u5b78\u9662\u7269\u7406\u5316\u5b78\u4e2d\u592e\u5b78\u6703\u5de5\u4f5c \u20271986\u5e74\uff0c\u53d6\u5f97\u7269\u7406\u5b78\u535a\u58eb\u5b78\u4f4d\uff0c\u7814\u7a76\u9818\u57df\u662f\u91cf\u5b50\u5316\u5b78\u3002 \u5bb6\u5ead\uff1a \u2027\u7236\u89aa\u662f\u4e00\u4f4d\u8def\u5fb7\u6559\u6703\u7267\u5e2b \u2027\u7b2c\u4e00\u4efb\u4e08\u592b\u662f\u70cf\u723e\u91cc\u5e0c\u00b7\u9ed8\u514b\u723e \u2027\u73fe\u4efb\u4e08\u592bJoachim Sauer\u662f\u5fb7\u570b\u6d2a\u5821\u5927\u5b78\u6559\u6388\u3001\u91cf\u5b50\u5316\u5b78\u5bb6\uff0c1998\u5e74\u8207\u9ed8\u514b\u723e\u7d50\u5a5a\u3002 \u7c21\u6b77\uff1a \u20271989\u5e74\u67cf\u6797\u570d\u7246\u5012\u4e0b\uff0c\u9ed8\u514b\u723e\u6295\u5165\u6c11\u4e3b\u653f\u6cbb\u904b\u52d5\uff0c11\u6708\u52a0\u5165\u65b0\u9ee8\u300c\u6c11\u4e3b\u89ba\u9192\u300d\u3002 \u20271990\u5e74\u6771\u5fb7\u7b2c\u4e00\u6b21\u6c11\u4e3b\u9078\u8209\u5f8c\uff0c\u9ed8\u514b\u723e\u5728\u65b0\u653f\u5e9c\u64d4\u4efb\u653f\u5e9c\u526f\u767c\u8a00\u4eba\u3002\u540c\u5e748\u6708\uff0c\u52a0\u5165\u5fb7\u570b\u57fa\u7763\u6559\u6c11\u4e3b\u806f\u76df\uff08\u57fa\u6c11\u76df\uff09\uff0c\u4e26\u5728\u5fb7\u570b\u91cd\u65b0\u7d71\u4e00\u5f8c\u7576\u9078\u806f\u90a6\u8b70\u54e1\u3002 \u20271991\u5e74\u81f31994\u5e74\uff0c\u4efb\u806f\u90a6\u5a66\u5973\u548c\u9752\u5e74\u90e8\u90e8\u9577\u3002 \u20271991\u5e74\u81f31998\u5e74\uff0c\u64d4\u4efb\u57fa\u6c11\u76df\u526f\u4e3b\u5e2d\u3002 \u20271994\u5e74\u81f31998\u5e74\uff0c\u51fa\u4efb\u806f\u90a6\u74b0\u5883\u3001\u81ea\u7136\u4fdd\u8b77\u548c\u53cd\u61c9\u5806\u5b89\u5168\u90e8\u90e8\u9577\u3002 \u20271998\u5e74\u81f32000\u5e74\uff0c\u4efb\u57fa\u6c11\u76df\u7e3d\u66f8\u8a18\u3002 \u20272000\u5e74\uff1a\u57fa\u6c11\u76df\u9677\u5165\u653f\u6cbb\u737b\u91d1\u919c\u805e\uff0c4\u6708\u9ed8\u514b\u723e\u88ab\u63a8\u9078\u70ba\u57fa\u6c11\u76df\u4e3b\u5e2d\u3002 \u20272002\u5e749\u6708\u81f32005\u5e7411\u6708\uff0c\u517c\u4efb\u7531\u57fa\u6c11\u76df\u548c\u57fa\u793e\u76df\u7d44\u6210\u7684\u806f\u90a6\u8b70\u9662\u806f\u76df\u9ee8\u8b70\u6703\u9ee8\u5718\u4e3b\u5e2d\u3002 \u20272005\u5e745\u670830\u65e5\uff0c\u4ee3\u8868\u57fa\u6c11\u76df\u57289\u670818\u65e5\u8209\u884c\u7684\u806f\u90a6\u9078\u8209\u4e2d\u8207\u7e3d\u7406\u65bd\u7f85\u5fb7\u89d2\u9010\u4e0b\u4efb\u7e3d\u7406\u300210\u670810\u65e5\uff0c\u57fa\u6c11\u76df\u8207\u793e\u6c11\u9ee8\u5728\u5927\u9078\u4e2d\u5e7e\u4e4e\u6253\u6210\u5e73\u624b\uff0c\u5169\u9ee8\u5728\u806f\u5408\u7d44\u95a3\u8ac7\u5224\u4e2d\u53d6\u5f97\u5171\u8b58\uff0c\u78ba\u8a8d\u7531\u9ed8\u514b\u723e\u51fa\u4efb\u806f\u90a6\u7e3d\u7406\uff0c\u5167\u95a3\u4eba\u4e8b\u7531\u793e\u6c11\u9ee8\u4e3b\u5c0e\u3002\u9ed8\u514b\u723e\u7e7c\u7e8c\u64d4\u4efb\u57fa\u6c11\u76df\u4e3b\u5e2d\u3002 \u20272005\u5e7411\u670822\u65e5\uff0c\u6210\u70ba\u5fb7\u570b\u7b2c\u4e00\u4f4d\u5973\u6027\u806f\u90a6\u7e3d\u7406\u3002 \u20272009\u5e749\u6708\uff0c\u5728\u806f\u90a6\u8b70\u9662\u9078\u8209\u4e2d\uff0c\u9ed8\u514b\u723e\u9818\u5c0e\u7684\u57fa\u6c11\u76df\u518d\u6b21\u53d6\u5f97\u52dd\u5229\uff0c\u8b70\u5e2d\u8f03\u4e0a\u5c46\u589e\u52a0\uff0c\u8207\u540c\u5c6c\u4e2d\u9593\u504f\u53f3\u7684\u81ea\u7531\u6c11\u4e3b\u9ee8\u5408\u7d44\u806f\u5408\u653f\u5e9c\u3002\u9ed8\u514b\u723e\u9023\u4efb\u7e3d\u7406\u3002 \u20272012\u5e7412\u67084\u65e5\uff0c\u9023\u4efb\u57fa\u6c11\u76df\u4e3b\u5e2d\u3002 \u20272013\u5e74\uff0c\u5728\u806f\u90a6\u8b70\u9662\u9078\u8209\u4e2d\uff0c\u7531\u65bc\u76df\u53cb\u81ea\u6c11\u9ee8\u672a\u80fd\u8de8\u8d8a5%\u7684\u5f97\u7968\u9580\u6abb\uff0c\u57fa\u6c11\u76df\u518d\u6b21\u8207\u793e\u6c11\u9ee8\u7d44\u5efa\u806f\u5408\u653f\u5e9c\u3002 \u20272017\u5e749\u670824\u65e5\uff0c\u5fb7\u570b\u5927\u9078\uff0c\u9ed8\u514b\u723e\u9818\u5c0e\u7684\u57fa\u6c11\u76df\u5f97\u796833%\uff0c\u7e8c\u6210\u70ba\u6700\u5927\u9ee8\uff0c\u5979\u5247\u7b2c\u4e09\u5ea6\u9023\u4efb\u5fb7\u570b\u7e3d\u7406\u3002","rel":"","context":"Similar post","block_context":{"text":"Similar post","link":""},"img":{"alt_text":"","src":"https:\/\/i0.wp.com\/www.symedialab.com\/talk\/wp-content\/uploads\/2015\/03\/300.jpg?resize=350%2C200&ssl=1","width":350,"height":200},"classes":[]}],"_links":{"self":[{"href":"https:\/\/www.symedialab.com\/talk\/wp-json\/wp\/v2\/pages\/87178"}],"collection":[{"href":"https:\/\/www.symedialab.com\/talk\/wp-json\/wp\/v2\/pages"}],"about":[{"href":"https:\/\/www.symedialab.com\/talk\/wp-json\/wp\/v2\/types\/page"}],"author":[{"embeddable":true,"href":"https:\/\/www.symedialab.com\/talk\/wp-json\/wp\/v2\/users\/1207"}],"replies":[{"embeddable":true,"href":"https:\/\/www.symedialab.com\/talk\/wp-json\/wp\/v2\/comments?post=87178"}],"version-history":[{"count":0,"href":"https:\/\/www.symedialab.com\/talk\/wp-json\/wp\/v2\/pages\/87178\/revisions"}],"wp:featuredmedia":[{"embeddable":true,"href":"https:\/\/www.symedialab.com\/talk\/wp-json\/wp\/v2\/media\/87179"}],"wp:attachment":[{"href":"https:\/\/www.symedialab.com\/talk\/wp-json\/wp\/v2\/media?parent=87178"}],"curies":[{"name":"wp","href":"https:\/\/api.w.org\/{rel}","templated":true}]}}