{"id":34806,"date":"2015-04-02T16:32:53","date_gmt":"2015-04-02T08:32:53","guid":{"rendered":"http:\/\/www.symedialab.org.hk\/talk\/?page_id=34806"},"modified":"2015-04-28T08:11:39","modified_gmt":"2015-04-28T00:11:39","slug":"%e4%bd%95%e8%8a%9d%e5%90%9b","status":"publish","type":"page","link":"https:\/\/www.symedialab.com\/talk\/%e4%bd%95%e8%8a%9d%e5%90%9b\/","title":{"rendered":"\u4f55\u829d\u541b"},"content":{"rendered":"<p>\u4f55\u829d\u541b<\/p>\n<p>&nbsp;<\/p>\n<p>\u8eab\u4efd\uff1a\u9999\u6e2f\u5973\u6b0a\u904b\u52d5\u9818\u8896\uff0c\u70ba\u65b0\u5a66\u5973\u5354\u9032\u6703\u5275\u8fa6\u4eba\u3002<\/p>\n<p>&nbsp;<\/p>\n<p>\u7c21\u4ecb\uff1a2010\u5e741\u6708\u4efb\u9999\u6e2f\u53cd\u9ad8\u9435\u904b\u52d5\u767c\u8a00\u4eba\uff0c\u66fe\u64d4\u4efb\u9999\u6e2f\u7406\u5de5\u5927\u5b78\u793e\u6703\u79d1\u5b78\u7cfb\u30022012\u5e749\u67083\u65e5\u6c11\u9593\u53cd\u5c0d\u570b\u6c11\u6559\u80b2\u79d1\u5927\u806f\u76df\uff0c\u767c\u8d77\u5728\u653f\u5e9c\u7e3d\u90e8\u5916\u7121\u9650\u671f\u9032\u884c\u7d55\u98df\uff0c\u4f55\u829d\u541b\u5728\u91ab\u751f\u5efa\u8b70\u4e0b\u505c\u6b62\u7d55\u98df\uff0c\u7531\u6551\u8b77\u8eca\u9001\u5f80\u5f8b\u6566\u6cbb\u91ab\u9662\u3002<\/p>\n","protected":false},"excerpt":{"rendered":"<p>\u4f55\u829d\u541b &nbsp; \u8eab\u4efd\uff1a\u9999\u6e2f\u5973\u6b0a\u904b\u52d5\u9818\u8896\uff0c\u70ba\u65b0\u5a66\u5973\u5354\u9032\u6703\u5275\u8fa6\u4eba\u3002 &nbsp; \u7c21\u4ecb\uff1a2010\u5e741\u6708\u4efb\u9999\u6e2f\u53cd\u9ad8\u9435\u904b\u52d5\u767c\u8a00\u4eba\uff0c\u66fe\u64d4\u4efb\u9999\u6e2f\u7406\u5de5\u5927\u5b78\u793e\u6703\u79d1\u5b78\u7cfb\u30022012\u5e749\u67083\u65e5\u6c11\u9593\u53cd\u5c0d\u570b\u6c11\u6559\u80b2\u79d1\u5927\u806f\u76df\uff0c\u767c\u8d77\u5728\u653f\u5e9c\u7e3d\u90e8\u5916\u7121\u9650\u671f\u9032\u884c\u7d55\u98df\uff0c\u4f55\u829d\u541b\u5728\u91ab\u751f\u5efa\u8b70\u4e0b\u505c\u6b62\u7d55\u98df\uff0c\u7531\u6551\u8b77\u8eca\u9001\u5f80\u5f8b\u6566\u6cbb\u91ab\u9662\u3002<\/p>\n","protected":false},"author":1207,"featured_media":38680,"parent":0,"menu_order":0,"comment_status":"open","ping_status":"open","template":"page-templates\/who-events.php","meta":[],"jetpack_shortlink":"https:\/\/wp.me\/PaaypJ-93o","jetpack-related-posts":[{"id":42806,"url":"https:\/\/www.symedialab.com\/talk\/%e4%bd%95%e4%bd%90%e8%8a%9d\/","url_meta":{"origin":34806,"position":0},"title":"\u4f55\u4f50\u829d","author":"Patricia Leung","date":"May 18, 2015","format":false,"excerpt":"\u4f55\u4f50\u829d \u8eab\u4efd\uff1a\u5546\u696d\u96fb\u53f0\u5275\u8fa6\u4eba \u51fa\u751f\uff1a1918\u5e7411\u67083\u65e5\u751f\u65bc\u7f8e\u570b \u901d\u4e16\uff1a2014\u5e746\u67084\u65e5 \u5b78\u6b77\uff1a \u2027\u66fe\u5c31\u8b80\u82f1\u7687\u66f8\u9662 \u2027\u7562\u696d\u65bc\u7f8e\u570b\u67cf\u514b\u840a\u52a0\u5dde\u5927\u5b78 \u5bb6\u5ead\uff1a \u2027\u7236\u89aa\u70ba\u4f55\u6771\uff0c\u6bcd\u89aa\u70ba\u4f55\u6771\u7684\u770b\u8b77\u6731\u6625\u862d\uff0c\u4f55\u4f50\u829d\u70ba\u5169\u4eba\u7684\u79c1\u751f\u5b50\u3002 \u2027\u59bb\u5b50\u99ae\u6708\u71d5 \u2027\u5973\u5152\u4f55\u9a09 \u2027\u5152\u5b50\u4f55\u9a65 \u751f\u5e73\uff1a \u2027\u5927\u5b78\u7562\u696d\u5f8c\u56de\u6e2f\uff0c\u4efb\u8077\u65bc\u4f55\u6771\u65d7\u4e0b\u7269\u696d\u7ba1\u7406\u516c\u53f8\u3002 \u20271950\u5e74\u8207\u7e46\u5fb7\u7dad\u958b\u8a2d\u4f50\u5fb7\u80a1\u4efd\u6709\u9650\u516c\u53f8\uff0c\u7d93\u71df\u8cbf\u6613\u696d\u52d9\uff0c\u4ee3\u7406\u6d0b\u9152\u3001\u96fb\u5668\u3001\u6536\u97f3\u6a5f\u3002 \u20271956\u5e74\u7236\u89aa\u4f55\u6771\u53bb\u4e16\uff0c\u4f55\u4f50\u829d\u7372\u52065\u842c\u5143\u907a\u7522\u3002\u5176\u5f8c\u4ed6\u5f9e\u6fb3\u9580\u7da0\u90a8\u96fb\u53f0\u5275\u8fa6\u4eba\u7f85\u4fdd\u7235\u58eb\u624b\u4e2d\u53d6\u5f97\u5ee3\u64ad\u6b0a\u3002\u53ca\u5f8c\uff0c\u4f55\u4f50\u829d\u56de\u6e2f\u5411\u6e2f\u7763\u845b\u91cf\u6d2a\u7533\u8acb\u96fb\u53f0\u724c\u7167\uff0c\u4e26\u627e\u4f86\u6642\u4efb\u884c\u653f\u5c40\u8b70\u54e1\u7f85\u6587\u60e0\u53ca\u9127\u8087\u5805\u7235\u58eb\u4efb\u8463\u4e8b\uff0c\u9806\u5229\u6295\u5f97\u724c\u7167\u3002 \u20271959\u5e748\u670826\u65e5\u5176\u5275\u8fa6\u7684\u5546\u696d\u96fb\u53f0\u958b\u53f0 \u20271968\u5e74\u51fa\u4efb\u6771\u4e9e\u9280\u884c\u8463\u4e8b \u20271971\u5e74\u5275\u7acb\u9996\u5bb6\u7121\u7dda\u50b3\u547c\u516c\u53f8\u2014\u2014\u5546\u53f0\u50b3\u547c\uff0c\u5f8c\u6539\u7a31ABC\u4f73\u8a0a\u50b3\u547c\u3002 \u20271973\u5e74\u51fa\u4efb\u9999\u6e2f\u7f6e\u5730\u975e\u57f7\u884c\u8463\u4e8b \u20271975\u5e74\u5275\u7acb\u4f73\u85dd\u96fb\u8996\uff0c\u60df\u958b\u53f03\u5e74\u5f8c\u5012\u9589\u3002 \u20271981\u5e74\u51fa\u4efb\u6021\u548c\u975e\u57f7\u884c\u8463\u4e8b \u20271991\u5e74\u4f73\u8a0a\u50b3\u547c\u4ee5\u4f73\u8a0a\u63a7\u80a1\u4e0a\u5e02 \u20272003\u5e74\u9000\u4f11\uff0c\u8fad\u53bb\u6771\u4e9e\u9280\u884c\u3001\u9999\u6e2f\u7f6e\u5730\u53ca\u6021\u548c\u975e\u57f7\u884c\u8463\u4e8b\uff0c\u4e26\u8fad\u53bb\u5546\u53f0\u4e3b\u5e2d\u4e00\u8077\uff0c\u6539\u4efb\u69ae\u8b7d\u4e3b\u5e2d\uff0c\u7531\u5176\u5b50\u4f55\u9a65\u63a5\u4efb\u4e3b\u5e2d\u3002 \u20272008\u5e74\u8fad\u53bb\u4f73\u8a0a\u63a7\u80a1\u8463\u4e8b \u20272014\u5e746\u67084\u65e5\u65bc\u990a\u548c\u91ab\u9662\u96e2\u4e16\uff0c\u4eab\u5e7495\u6b72\u3002 \u69ae\u8b7d\uff1a 2001\u5e74\u7372\u9999\u6e2f\u7279\u5340\u653f\u5e9c\u9812\u6388\u91d1\u7d2b\u834a\u661f\u7ae0","rel":"","context":"Similar post","block_context":{"text":"Similar post","link":""},"img":{"alt_text":"","src":"https:\/\/i0.wp.com\/www.symedialab.com\/talk\/wp-content\/uploads\/2015\/05\/george.jpg?resize=350%2C200&ssl=1","width":350,"height":200},"classes":[]},{"id":25790,"url":"https:\/\/www.symedialab.com\/talk\/%e5%bc%b5%e7%82%b3%e8%89%af\/","url_meta":{"origin":34806,"position":1},"title":"\u5f35\u70b3\u826f","author":"Alex Tan","date":"February 3, 2015","format":false,"excerpt":"\u5f35\u70b3\u826f\uff08Anthony Cheung Bing-leung\uff09 \u8eab\u4efd\uff1a\u524d\u9999\u6e2f\u904b\u8f38\u53ca\u623f\u5c4b\u5c40\u5c40\u9577 \u51fa\u751f\uff1a1952\u5e7411\u670817\u65e5\uff0c\u5ee3\u6771\u5ba2\u5bb6\u4eba\u3002 \u5b78\u6b77\uff1a \u20271974\u5e74\uff1a\u9999\u6e2f\u5927\u5b78\u793e\u6703\u79d1\u5b78\u5b78\u58eb\uff08\u4e3b\u4fee\u793e\u6703\u5b78\u548c\u7d93\u6fdf\u5b78\uff09 \u20271981\u5e74\uff1a\u963f\u65af\u9813\u5927\u5b78\u7406\u5b78\u78a9\u58eb\uff08\u516c\u5171\u90e8\u9580\u7ba1\u7406\uff09 \u2027\u502b\u6566\u7d93\u6fdf\u653f\u6cbb\u5b78\u9662\u54f2\u5b78\u535a\u58eb\uff08\u653f\u5e9c\uff09 \u7c21\u6b77\uff1a \u20271975\u5e74\uff1a\u64d4\u4efb\u9999\u6e2f\u5927\u5b78\u5b78\u751f\u6703\u8a55\u8b70\u6703\u4e3b\u5e2d\uff0c\u7562\u696d\u5f8c\u52a0\u5165\u6e2f\u82f1\u653f\u5e9c\uff0c\u5148\u5f8c\u65bc\u5e03\u653f\u53f8\u7f72\u53ca\u5ec9\u653f\u516c\u7f72\u4efb\u8077\u3002 \u20271977\u5e74\uff1a\u806f\u5408\u99ae\u53ef\u7acb\u53ca\u4f55\u829d\u541b\u7b49\u4eba\u6210\u7acb\u300c\u5927\u773e\u6587\u5316\u95dc\u6ce8\u7d44\u300d\uff0c\u4e3b\u5f35\u5c0d\u5927\u773e\u6587\u5316\u9032\u884c\u6279\u5224\u548c\u793e\u6703\u5206\u6790\u3002 \u20271980\u5e74\uff1a\u5275\u7acb\u793e\u6703\u653f\u7b56\u7814\u7a76\u4e2d\u5fc3\uff0c\u4e26\u64d4\u4efb\u5275\u6703\u4e3b\u5e2d\u3002 \u20271981\u5e74\uff1a\u8d74\u82f1\u570b\u963f\u65af\u9813\u5927\u5b78\u6df1\u9020\uff0c\u53d6\u5f97\u516c\u5171\u7ba1\u7406\u5b78\u78a9\u58eb\u5b78\u4f4d\u3002\u671f\u9593\u51fa\u4efb\u9999\u6e2f\u5927\u5b78\u793e\u6703\u79d1\u5b78\u6703\u4e3b\u5e2d\u3001\u5929\u4e3b\u6559\u9752\u5e74\u806f\u6703\u526f\u6703\u9577\u3002 \u20271986\u5e74\uff1a\u52a0\u5165\u57ce\u5e02\u7406\u5de5\u5b78\u9662\uff08\u4eca\u9999\u6e2f\u57ce\u5e02\u5927\u5b78\uff09\u64d4\u4efb\u516c\u5171\u884c\u653f\u5b78\u5b78\u7cfb\u6559\u6388\u3002\u5176\u5f8c\u5148\u5f8c\u64d4\u4efb\u532f\u9ede\u4e3b\u5e2d\u3001\u6c11\u4e3b\u9ee8\u526f\u4e3b\u5e2d\u3002 \u20271995\u5e74\u81f31997\u5e74\uff1a\u7acb\u6cd5\u5c40\u8b70\u54e1\u3001\u9999\u6e2f\u6559\u80b2\u5b78\u9662\uff08\u4eca\u9999\u6e2f\u6559\u80b2\u5927\u5b78\uff09\u6821\u9577\u53ca\u6d88\u8cbb\u8005\u59d4\u54e1\u6703\u4e3b\u5e2d\u3002 \u20272012\u5e747\u67081\u65e5\u81f32017\u5e746\u670830\u65e5\uff1a\u9999\u6e2f\u904b\u8f38\u53ca\u623f\u5c4b\u5c40\u5c40\u9577","rel":"","context":"Similar post","block_context":{"text":"Similar post","link":""},"img":{"alt_text":"","src":"","width":0,"height":0},"classes":[]},{"id":133666,"url":"https:\/\/www.symedialab.com\/talk\/%e8%ad%9a%e5%85%81%e8%8a%9d\/","url_meta":{"origin":34806,"position":2},"title":"\u8b5a\u5141\u829d","author":"Patricia Leung","date":"March 13, 2018","format":false,"excerpt":"\u8b5a\u5141\u829d\uff08Winnie Tam\uff09 \u8eab\u4efd\uff1a\u9999\u6e2f\u57f7\u696d\u8cc7\u6df1\u5927\u5f8b\u5e2b\u53ca\u570b\u969b\u4ef2\u88c1\u54e1\u3001\u901a\u8a0a\u4e8b\u52d9\u7ba1\u7406\u5c40\u4e3b\u5e2d \u5b78\u6b77\uff1a \u2027\u66fe\u5c31\u8b80\u8056\u4fdd\u7f85\u7537\u5973\u6821 \u20271983\u5e74\uff1a\u9999\u6e2f\u5927\u5b78\u6cd5\u5f8b\u5b78\u9662\u7562\u696d \u20271987\u5e74\u81f31988\u5e74\uff1a\u5230\u82f1\u570b\u6df1\u9020\uff0c\u5728\u502b\u6566\u5927\u5b78\u947d\u7814\u570b\u969b\u6c11\u4e8b\u8a34\u8a1f\u53ca\u77e5\u8b58\u7522\u6b0a\u6cd5\uff0c\u540c\u6642\u5728\u7576\u5730\u6700\u5177\u898f\u6a21\u7684\u77e5\u8b58\u7522\u6b0a\u5c08\u79d1\u5927\u5f8b\u5e2b\u4e8b\u52d9\u6240\u4f5c\u70ba\u671f\u4e00\u5e74\u7684\u5be6\u7fd2\u3002 \u20271988\u5e74\uff1a\u7372\u59d4\u82f1\u570b\u6700\u9ad8\u6cd5\u9662\u5927\u5f8b\u5e2b\u57f7\u696d\u8cc7\u683c\uff0c\u4e26\u6210\u70ba\u8a72\u4e8b\u52d9\u6240\u5176\u4e2d\u6d77\u5916\u6210\u54e1\u4e4b\u4e00\u3002 \u5bb6\u5ead\uff1a \u2027\u6bcd\u89aa\u9ad8\u502c\u96f2\uff0c\u66fe\u5728\u300a\u83ef\u50d1\u65e5\u5831\u300b\u7576\u6587\u5316\u7248\u4e3b\u7de8\u3002 \u2027\u80b2\u6709\u4e00\u5b50\u4e00\u5973 \u7c21\u6b77\uff1a \u2027\u7372\u59d4\u82f1\u570b\u6700\u9ad8\u6cd5\u9662\u5927\u5f8b\u5e2b\u57f7\u696d\u8cc7\u683c\u56de\u6e2f\u5f8c\uff0c\u6295\u8eab\u77e5\u8b58\u7522\u6b0a\u8a34\u8a1f\u4e8b\u52d9\uff0c\u5728\u7248\u6b0a\u3001\u5de5\u696d\u8a2d\u8a08\u3001\u5c08\u5229\u6b0a\u3001\u5546\u6a19\u6cd5\u7b49\u4e8b\u52d9\u4e0a\u7d2f\u7a4d\u4e86\u591a\u5e74\u7d93\u9a57\u3002 \u20272006\u5e745\u6708\uff1a\u7372\u7d42\u5be9\u6cd5\u9662\u9996\u5e2d\u6cd5\u5b98\u59d4\u4efb\u70ba\u9999\u6e2f\u7279\u5225\u884c\u653f\u5340\u8cc7\u6df1\u5927\u5f8b\u5e2b\u3002 \u20272011\u5e74\u81f32016\u5e74\uff0c\u7372\u59d4\u4efb\u70ba\u9999\u6e2f\u6d78\u6703\u5927\u5b78\u6821\u8463\u6703\u548c\u8aee\u8b70\u6703\u6210\u54e1\uff0c\u671f\u9593\u66fe\u64d4\u4efb\u6821\u8463\u6703\u8f44\u4e0b\u4eba\u4e8b\u7ba1\u7406\u59d4\u54e1\u6703\u526f\u4e3b\u5e2d\u548c\u5be9\u8a08\u59d4\u54e1\u6703\u59d4\u54e1\u3002 \u20272014\u81f32015\u5e74\uff1a\u6d78\u5927\u6821\u9577\u8058\u4efb\u59d4\u54e1\u6703\u59d4\u54e1 \u20272015\u81f32016\u5e74\uff1a\u7576\u9078\u9999\u6e2f\u5927\u5f8b\u5e2b\u516c\u6703\u4e3b\u5e2d \u20272018\u5e74\u521d\uff1a\u6709\u50b3\u8b5a\u5141\u829d\u5c07\u63a5\u4efb\u8881\u570b\u5f37\u51fa\u4efb\u5f8b\u653f\u53f8\u53f8\u9577\u4e00\u8077\u3002 \u20272018\u5e743\u670812\u65e5\uff1a\u9999\u6e2f\u884c\u653f\u9577\u5b98\u59d4\u4efb\u8b5a\u5141\u829d\u70ba\u901a\u8a0a\u5c40\u4e3b\u5e2d\uff0c\u4efb\u671f\u5373\u65e5\u751f\u6548\u81f3\u660e\u5e743\u670831\u65e5\u3002 \u8208\u8da3\uff1a \u2027\u611b\u597d\u897f\u65b9\u53e4\u5178\u97f3\u6a02\u53ca\u4e2d\u570b\u53e4\u5178\u6587\u5b78\u548c\u85dd\u8853\uff0c\u9752\u5e74\u6642\u4ee3\u5df2\u6d3b\u8e8d\u65bc\u5408\u5531\u53ca\u8072\u6a02\u754c\uff0c\u81f4\u529b\u652f\u6301\u97f3\u6a02\u85dd\u8853\u767c\u5c55\uff0c\u6210\u7acb\u6148\u5584\u5718\u9ad4\u300c\u6797\u8000\u57fa\u97f3\u6a02\u57fa\u91d1\u300d\uff0c\u63a8\u5ee3\u5f26\u6a02\u85dd\u8853\u6559\u80b2\u548c\u5c0e\u8cde\uff0c\u70ba\u5177\u624d\u83ef\u7684\u5f26\u6a02\u624b\u63d0\u4f9b\u734e\u5b78\u91d1\u8cc7\u52a9\u3002 \u516c\u8077\uff1a \u2027\u9999\u6e2f\u8cfd\u99ac\u6703\u97f3\u6a02\u53ca\u821e\u8e48\u57fa\u91d1\u4fe1\u8a17\u4eba\u3001\u5ec9\u653f\u516c\u7f72\u8caa\u6c61\u8aee\u8a62\u59d4\u54e1\u6703\u59d4\u54e1\u3001\u9999\u6e2f\u65c5\u904a\u767c\u5c55\u5c40\u6210\u54e1\u3001\u9999\u6e2f\u6f14\u85dd\u5b78\u9662\u5be9\u8a08\u59d4\u54e1\u6703\u59d4\u54e1\uff0c\u4ee5\u53ca\u53f8\u6cd5\u4eba\u54e1\u63a8\u85a6\u59d4\u54e1\u6703\u59d4\u54e1\u7b49\u3002","rel":"","context":"Similar post","block_context":{"text":"Similar post","link":""},"img":{"alt_text":"","src":"https:\/\/i0.wp.com\/www.symedialab.com\/talk\/wp-content\/uploads\/2018\/03\/Winnie_Tam-e1520936703492.jpg?resize=350%2C200&ssl=1","width":350,"height":200},"classes":[]},{"id":100112,"url":"https:\/\/www.symedialab.com\/talk\/%e9%84%ad%e6%9d%be%e6%b3%b0-2\/","url_meta":{"origin":34806,"position":3},"title":"\u912d\u677e\u6cf0","author":"Patricia Leung","date":"September 12, 2016","format":false,"excerpt":"\u912d\u677e\u6cf0\uff08Cheng Chung-tai\uff09 \u8eab\u4efd\uff1a\u7acb\u6cd5\u6703\u8b70\u54e1\uff08\u4e5d\u9f8d\u6771\uff09\u3001\u71b1\u8840\u516c\u6c11\u6210\u54e1\u3001\u7406\u5927\u61c9\u7528\u793e\u6703\u79d1\u5b78\u7cfb\u5c08\u4efb\u5c0e\u5e2b \u7dbd\u865f\uff1a\u6cf0\u535a \u51fa\u751f\uff1a1983\u5e7411\u67085\u65e5 \u5b78\u6b77\uff1a \u2027\u66fe\u5c31\u8b80\u5f35\u632f\u8208\u4f09\u5137\u66f8\u9662 \u2027\u7562\u696d\u65bc\u9999\u6e2f\u7406\u5de5\u5927\u5b78\u793e\u6703\u653f\u7b56\u7cfb \u20272010\u5e74\u65bc\u5317\u4eac\u5927\u5b78\u53d6\u5f97\u535a\u58eb\u5b78\u4f4d \u7c21\u6b77\uff1a \u2027\u51fa\u8eab\u57fa\u5c64\uff0c\u7236\u6bcd\u70ba\u5c4b\u90a8\u8857\u5e02\u5c0f\u5546\u8ca9 \u2027\u5728\u7406\u5de5\u5927\u5b78\u61c9\u7528\u793e\u6703\u79d1\u5b78\u7cfb\u64d4\u4efb\u5c08\u4efb\u5c0e\u5e2b\uff0c\u4efb\u6559\u9999\u6e2f\u793e\u6703\u3001\u73fe\u4ee3\u4e2d\u570b\u6587\u5316\u4ee5\u53ca\u793e\u6703\u5b78\u5c0e\u8ad6\u7b49\u79d1\u76ee \u20272014\u5e749\u67081\u65e5\uff0c\u5168\u570b\u4eba\u5927\u5e38\u59d4\u6703\u526f\u79d8\u66f8\u9577\u674e\u98db\u8a2a\u6e2f\u51fa\u5e2d\u9999\u6e2f\u653f\u5e9c\u53ca\u4e2d\u806f\u8fa6\u806f\u5408\u8209\u8fa6\u7684\u653f\u5236\u767c\u5c55\u7c21\u4ecb\u6703\uff0c\u912d\u677e\u6cf0\u7387\u9818\u71b1\u8840\u516c\u6c11\u6210\u54e1\u5728\u674e\u98db\u5165\u4f4f\u7684\u9999\u6e2f\u541b\u6085\u9152\u5e97\u9644\u8fd1\u8857\u9053\u793a\u5a01\u3002\u8b66\u65b9\u4ee5\u61f7\u7591\u6709\u4eba\u885d\u64ca\u8b66\u5bdf\u9632\u7dda\u62d8\u6355\u912d\u677e\u6cf0\u7b4920\u4eba\uff0c\u912d\u88ab\u63a7\u300c\u5728\u516c\u773e\u5730\u65b9\u884c\u70ba\u4e0d\u6aa2\u300d \u20272014\u5e7410\u670816\u65e5\uff0c\u912d\u677e\u6cf0\u5728\u300a\u71b1\u8840\u6642\u5831\u300b\u767c\u8868\u4e86\u4e00\u7bc7\u540d\u70ba\u300a\u4f60\u5011\u7684\u5b50\u5973\u5728\u66ff\u4f60\u5011\u57cb\u55ae\u300b\u7684\u6587\u7ae0\u3002\u300a\u6587\u532f\u5831\u300b\u53ca\u300a\u5927\u516c\u5831\u300b\u5176\u5f8c\u5206\u5225\u65bc23\u65e5\u53ca24\u65e5\u767c\u8868\u6587\u7ae0\u6279\u8a55\u912d\u677e\u6cf0 \u20272015\u5e74\uff0c\u7387\u71b1\u8840\u516c\u6c11\u65bc\u5317\u5340\u3001\u5c6f\u9580\u3001\u5143\u6717\u8209\u884c\u53cd\u6c34\u8ca8\u5ba2\u884c\u52d5\u30021\u670818\u65e5\uff0c\u912d\u677e\u6cf0\u806f\u540c\u300c\u56db\u773c\u54e5\u54e5\u300d\u912d\u9326\u6eff\u8207\u4e00\u773e\u71b1\u8840\u516c\u6c11\u6210\u54e1\u524d\u5f80\u4e0a\u6c34\u6e2f\u9435\u7ad9\u793a\u5a01\uff0c\u5728\u7ad9\u5916\u6d3e\u767c\u55ae\u5f35\uff0c\u53c8\u5728\u7ad9\u5167\u63d0\u9192\u62d6\u7bcb\u5ba2\u53ca\u6c34\u8ca8\u5ba2\u5c07\u884c\u674e\u904e\u78c5\u3002\u540c\u5e742\u6708\u53ca3\u6708\uff0c\u912d\u677e\u6cf0\u5e36\u9818\u71b1\u8840\u516c\u6c11\u6210\u54e1\u8207\u5176\u4ed6\u7d44\u7e54\u9032\u884c\u5149\u5fa9\u5c6f\u9580\u53ca\u5149\u5fa9\u5143\u6717\uff0c\u7d44\u7e54\u793a\u5a01\u904a\u884c\u6297\u8b70\u6c34\u8ca8\u8d70\u79c1\u30023\u67088\u65e5\uff0c\u912d\u677e\u6cf0\u4ee5\u500b\u4eba\u8eab\u4efd\u53c3\u8207\u5176\u4ed6\u7d44\u7e54\u5728\u5c16\u6c99\u5480\u6240\u9032\u884c\u7684\u53cd\u6c34\u8ca8\u5ba2\u793a\u5a01 \u20272015\u5e742\u670811\u65e5\uff0c\u300a\u6587\u532f\u5831\u300b\u6e2f\u805e\u7248\u9ede\u540d\u6279\u8a55\u912d\u677e\u6cf0\u300c\u591a\u6b21\u5e36\u9818\u71b1\u8840\u516c\u6c11\u6210\u54e1\u56db\u8655\u641e\u4e8b\u300d \u20272015\u5e743\u67085\u65e5\uff0c\u6578\u540d\u5e02\u6c11\u53ca\u5bb6\u9577\u5411\u7406\u5de5\u5927\u5b78\u6821\u9577\u5510\u5049\u7ae0\u905e\u4ea4\u4fe1\u4ef6\uff0c\u8868\u9054\u5c0d\u912d\u677e\u6cf0\u7acb\u5834\u53ca\u884c\u70ba\u7684\u4e0d\u6eff\uff0c\u6821\u65b9\u8868\u793a\u6703\u5411\u912d\u677e\u6cf0\u3001\u5176\u7cfb\u4e3b\u4efb\u53ca\u9662\u9577\u8f49\u9054\u6709\u95dc\u610f\u898b\u53ca\u4f5c\u51fa\u9069\u7576\u8ddf\u9032 \u20272015\u5e74\u5340\u8b70\u6703\u9078\u8209\uff0c\u8207\u6c11\u4e3b\u9ee8\u4f55\u4fca\u4ec1\u3001\u5efa\u5236\u6d3e\u4f55\u541b\u582f\u53ca\u962e\u5049\u5fe0\u7b49\u5171\u4eba\u7af6\u9010\u5c6f\u9580\u6a02\u7fe0\u5340\u5340\u8b70\u54e1\u8b70\u5e2d\uff0c\u912d\u677e\u6cf0\u6700\u5f8c\u50c5\u5f97367\u7968\u843d\u9078\uff0c\u4f55\u541b\u582f\u5247\u4ee52013\u7968\u596a\u5f97\u8b70\u5e2d \u20272016\u5e746\u6708\uff0c\u912d\u677e\u6cf0\u7372\u7406\u5927\u901a\u77e5\u7e8c\u7d04\uff0c\u4f46\u6709\u5225\u5176\u4ed6\u6559\u5e2b\u5408\u7d042\u81f33\u5e74\u671f\uff0c\u5176\u5408\u7d04\u6bcf\u5e74\u5747\u9700\u8981\u63a5\u53d7\u8a55\u5be9 \u20272016\u5e74\u7acb\u6cd5\u6703\u9078\u8209\uff0c\u8207\u5f35\u8000\u5fc3\u5408\u7d44\u540d\u55ae\uff0c\u4ee3\u8868\u71b1\u8840\u516c\u6c11\u53c3\u9078\u65b0\u754c\u897f\u8b70\u5e2d\uff0c\u6700\u5f8c\u4ee554496\u7968\u6210\u529f\u7576\u9078","rel":"","context":"Similar post","block_context":{"text":"Similar post","link":""},"img":{"alt_text":"","src":"https:\/\/i0.wp.com\/www.symedialab.com\/talk\/wp-content\/uploads\/2016\/09\/\u912d\u677e\u6cf0-e1473612441343.jpg?resize=350%2C200&ssl=1","width":350,"height":200},"classes":[]},{"id":26175,"url":"https:\/\/www.symedialab.com\/talk\/%e9%99%b3%e5%bf%97%e5%85%a8\/","url_meta":{"origin":34806,"position":4},"title":"\u9673\u5fd7\u5168","author":"Alex Tan","date":"February 4, 2015","format":false,"excerpt":"\u9673\u5fd7\u5168 \u00a0 \u8eab\u4efd\uff1a\u7acb\u6cd5\u6703\u8b70\u54e1\uff08\u5730\u65b9\u9078\u5340\u2013\u65b0\u754c\u6771\uff09 \u00a0 \u5225\u540d\uff1a\u6162\u5fc5 \u00a0 \u6240\u5c6c\u653f\u6cbb\u5718\u9ad4\uff1a \u2027\u4eba\u6c11\u529b\u91cf \u00a0 \u51fa\u751f\uff1a1972\u5e744\u670816\u65e5\uff0c\u751f\u65bc\u9999\u6e2f\uff0c\u7956\u7c4d\u5ee3\u6771\u5ee3\u5dde\u5e02\u756a\u79ba\u5340\u3002 \u00a0 \u5b97\u6559\uff1a\u4f5b\u6559 \u00a0 \u5b78\u6b77\uff1a \u20271989\u5e74\u7562\u696d\u65bc\u9999\u6e2f\u6148\u5e7c\u82f1\u6587\u4e2d\u5b78 \u20271994\u5e74\u7562\u696d\u65bc\u9999\u6e2f\u4e2d\u6587\u5927\u5b78\u793e\u6703\u5b78\u7cfb \u00a0 \u5de5\u4f5c\u53ca\u653f\u6cbb\u6b77\u7a0b\uff1a \u20271990\u5e74\u4ee3\uff0c\u8207\u5feb\u5fc5\u8b5a\u5f97\u5fd7\u5408\u7a31\u300c\u5feb\u5fc5\u6162\u5fc5\u300d\uff0c\u5728\u5546\u696d\u96fb\u53f0\u300a\u99ac\u8def\u4e4b\u53cb\u300b\u7bc0\u76ee\u4e2d\u5831\u9053\u4ea4\u901a\u60c5\u6cc1\u3002 \u20271997\u5e74\u8207\u5feb\u5fc5\u4e3b\u6301\u4e9e\u6d32\u96fb\u8996\u300a\u4e00\u7d1a\u5978\u7238\u7239\u300b\u7bc0\u76ee \u20272000\u5e745\u670812\u65e5\uff0c\u5169\u4eba\u8f49\u8077\u65b0\u57ce\u5a1b\u6a02\u53f0\uff0c\u70ba\u5a1b\u6a02\u65b0\u805e\u7bc0\u76ee\u300a\u9ede\u6b63\u5a1b\u6a02\u300b\u64d4\u4efb\u7e3d\u7de8\u8f2f\u53ca\u7bc0\u76ee\u4e3b\u6301\u3002 \u20272007\u5e7412\u6708\uff0c\u6162\u5fc5\u96e2\u8077\u65b0\u57ce\u5a1b\u6a02\u53f0\u3002\u5176\u5f8c\u5f80\u65e5\u672c\u51fa\u5bb6\uff0c\u4fee\u884c\u4e00\u5e74\u591a\u5f8c\uff0c\u6210\u70ba\u5927\u5e2b\u5802\u6cd5\u5e2b\u4e4b\u4e00\u3002 \u20272010\u5e749\u6708\uff0c\u8207\u6797\u96e8\u967d\u3001\u5289\u5609\u9d3b\u3001\u6b50\u967d\u82f1\u5091\u3001\u8881\u5f4c\u660e\u6210\u7acb\u9078\u6c11\u529b\u91cf\uff0c\u90e8\u7f72\u65bc2011\u5e74\u9999\u6e2f\u5340\u8b70\u6703\u9078\u8209\u4e2d\u72d9\u64ca\u6c11\u4e3b\u9ee8\u3002 \u20272011\u5e746\u6708\uff0c\u9999\u6e2f\u4eba\u7db2\u5275\u8fa6\u4eba\u856d\u82e5\u5143\u5ba3\u5e03\u6162\u5fc5\u6210\u70ba\u9999\u6e2f\u4eba\u7db2\u884c\u653f\u7e3d\u88c1\u3002 \u20272011\u5e7411\u6708\uff0c\u6162\u5fc5\u53c3\u52a02011\u5e74\u9999\u6e2f\u5340\u8b70\u6703\u9078\u8209\uff0c\u51fa\u6230\u8475\u9752\u5340\u8318\u83ef\u9078\u5340\uff0c\u6700\u5f8c\u843d\u6557\u3002 \u20272012\u5e749\u6708\uff0c\u5728\u7acb\u6cd5\u6703\u9078\u8209\u65b0\u754c\u6771\u5730\u65b9\u9078\u5340\u52dd\u51fa\uff0c\u7576\u9078\u7acb\u6cd5\u6703\u8b70\u54e1\u3002\u5176\u5f8c\u8fad\u4efb\u9999\u6e2f\u4eba\u7db2\u884c\u653f\u7e3d\u88c1\u3002 \u20272013\u5e744\u67081\u65e5\uff0c\u300a\u6027\u50be\u5411\u6b67\u8996\u689d\u4f8b\u300b\u7acb\u6cd5\u53ca\u8aee\u8a62\u5efa\u8b70\u672a\u80fd\u843d\u5be6\uff0c\u806f\u540c\u9ec3\u8000\u660e\u3001\u4f55\u97fb\u8a69\u3001\u8d99\u5f0f\u829d\u53ca\u7acb\u6cd5\u6703\u8b70\u54e1\u4f55\u79c0\u862d\u7b49\u4eba\u7d44\u6210\u300c\u5927\u611b\u540c\u76df\u300d\u3002 \u00a0","rel":"","context":"Similar post","block_context":{"text":"Similar post","link":""},"img":{"alt_text":"","src":"https:\/\/i0.wp.com\/www.symedialab.com\/talk\/wp-content\/uploads\/2015\/02\/0752.jpg?resize=350%2C200&ssl=1","width":350,"height":200},"classes":[]},{"id":34803,"url":"https:\/\/www.symedialab.com\/talk\/%e4%bd%95%e9%9f%bb%e8%a9%a9\/","url_meta":{"origin":34806,"position":5},"title":"\u4f55\u97fb\u8a69","author":"Patricia Leung","date":"April 2, 2015","format":false,"excerpt":"\u4f55\u97fb\u8a69 \u8eab\u4efd\uff1a\u9999\u6e2f\u5973\u6b4c\u624b \u51fa\u751f\uff1a1977\u5e74\uff0c\u7c4d\u8cab\u5ee3\u6771\u9806\u5fb7\u3002 \u5bb6\u5ead\uff1a \u2027\u7236\u6bcd\u5747\u70ba\u9000\u4f11\u6559\u5e2b\uff0c\u7236\u89aa\u4f55\u5fb7\u661f\u9000\u4f11\u524d\u5728\u62d4\u8403\u7537\u66f8\u9662\u6559\u7f8e\u8853\uff0c\u6bcd\u89aa\u9ece\u5c0f\u73cd\u9000\u4f11\u524d\u5728\u8056\u58eb\u63d0\u53cd\u5973\u5b50\u4e2d\u5b78\u6559\u6578\u5b78\u3002 \u2027\u54e5\u54e5\u4f55\u79c9\u821c\u81ea\u5c0f\u5b78\u7fd2\u92fc\u7434\uff0c\u7562\u696d\u65bc\u5df4\u9ece\u9ad8\u7b49\u97f3\u6a02\u5e2b\u7bc4\u5b78\u9662\u53ca\u52a0\u62ff\u5927\u9b41\u5317\u514b\u7701\u7acb\u97f3\u6a02\u5b78\u9662\uff0c\u4e3b\u4fee\u92fc\u7434\u6f14\u594f\uff0c\u5f8c\u6295\u8eab\u65bc\u6d41\u884c\u97f3\u6a02\u4e8b\u696d\uff0c\u4e26\u52a0\u5165\u9752\u5c71\u5927\u6a02\u968a\uff0c\u4e00\u76f4\u70ba\u5979\u88fd\u4f5c\u5531\u7247\uff0c\u5408\u4f5c\u81f3\u4eca\u3002 \u5b78\u6b77\uff1a \u2027\u66fe\u5c31\u8b80\u57fa\u7763\u5802\u5e7c\u7a1a\u5712\u53ca\u9999\u6e2f\u62d4\u8403\u5973\u5c0f\u5b78 \u2027\u66fe\u5c31\u8b80\u9b41\u5317\u514b\u5927\u5b78\u8499\u7279\u5229\u723e\u5206\u6821\uff0c\u4e3b\u4fee\u5e73\u9762\u8a2d\u8a08\uff0c\u5f8c\u56de\u6e2f\u767c\u5c55\uff0c\u6545\u672a\u7562\u696d\u3002 \u751f\u5e73\uff1a \u202711\u6b72\u6642\u8ddf\u96a8\u5bb6\u4eba\u79fb\u6c11\u52a0\u62ff\u5927\u8499\u7279\u5229\u723e \u20271996\u5e74\u56de\u6e2f\u53c3\u52a0\u7121\u7dab\u96fb\u8996\uff08TVB\uff09\u53ca\u83ef\u661f\u5531\u7247\u5408\u8fa6\u7684\u65b0\u79c0\u6b4c\u5531\u5927\u8cfd\uff0c\u5176\u5f8c\u8fd4\u56de\u52a0\u62ff\u5927\u5347\u8b80\u9b41\u5317\u514b\u5927\u5b78\u8499\u7279\u5229\u723e\u5206\u6821\uff08Universit\u00e9 du Qu\u00e9bec \u00e0 Montr\u00e9al\uff09\uff0c\u4e3b\u4fee\u5e73\u9762\u8a2d\u8a08\uff08graphic design\uff09\uff0c\u4f46\u53ea\u8b80\u4e86\u4e00\u500b\u5b78\u671f\u4fbf\u8fd4\u56de\u9999\u6e2f\u5f9e\u4e8b\u6b4c\u5531\u4e8b\u696d\u3002 \u2027\u57282006\u5e74\u5ea6\u300a\u53f1\u54a4\u6a02\u58c7\u6d41\u884c\u699c\u9812\u734e\u5178\u79ae\u300b\u7372\u5f97\u300c\u53f1\u54a4\u6a02\u58c7\u5973\u6b4c\u624b\u91d1\u734e\u300d \u20272010\u5e74\u6191\u300a\u7121\u540d\u00b7\u8a69\u300b\u5c08\u8f2f\u5165\u570d\u7b2c22\u5c46\u53f0\u7063\u91d1\u66f2\u734e\u300c\u6700\u4f73\u570b\u8a9e\u5973\u6b4c\u624b\u734e\u300d\u7684\u4e94\u5f37\uff0c\u662f\u9999\u6e2f\u5c11\u6578\u5165\u570d\u904e\u6b64\u734e\u7684\u5973\u6b4c\u624b\u4e4b\u4e00\u3002 \u20272007\u5e74\u6210\u7acb\u4f55\u97fb\u8a69\u6148\u5584\u57fa\u91d1\uff0c\u81f4\u529b\u6559\u80b2\u652f\u6301\u8005\u53ca\u5e74\u9752\u4e00\u4ee3\u8ca2\u737b\u793e\u6703 \u20272012\u5e7411\u670810\u65e5\u4f55\u97fb\u8a69\u8207\u7236\u6bcd\u3001\u53cb\u4eba\u53c3\u8207\u4e3b\u984c\u70ba\u300c\u540c\u5fd7\u662f\u6562\u7684\u300d\uff08dare to love\uff09\u9999\u6e2f\u540c\u5fd7\u904a\u884c\u6d3b\u52d5\u5f8c\uff0c\u5728\u6d3b\u52d5\u821e\u53f0\u4e0a\u516c\u958b\u8868\u660e\u81ea\u5df1\u7684\u540c\u5fd7\u8eab\u4efd\uff0c\u6b63\u5f0f\u51fa\u6ac3\u3002 \u20272013\u5e741\u6708\u5979\u8207\u53e6\u4e00\u540c\u5fd7\u6b4c\u624b\u9ec3\u8000\u660e\u3001\u7acb\u6cd5\u6703\u8b70\u54e1\u4f55\u79c0\u862d\u3001\u9673\u5fd7\u5168\u3001\u540d\u5a9b\u8d99\u5f0f\u829d\u7b49\u6210\u7acb\u975e\u725f\u5229\u5718\u9ad4\u300c\u5927\u611b\u540c\u76df\u300d\uff08Big Love Alliance\uff09 \u20272014\u5e749\u670827\u65e5\u70ba\u652f\u6301\u9999\u6e2f\u771f\u666e\u9078\u7684\u5b78\u751f\u7ad9\u53f0\uff0c\u8072\u63f4\u91cd\u596a\u300c\u516c\u6c11\u5ee3\u5834\u300d\u884c\u52d5\u88ab\u6355\u7684\u5b78\u751f\uff0c\u6210\u70ba\u9996\u4f4d\u5728\u5b78\u806f\u7f77\u8ab2\u5f8c\u516c\u958b\u652f\u6301\u5b78\u751f\u7684\u85dd\u4eba\u3002\u5176\u5f8c\u4f55\u97fb\u8a69\uff0c\u9ec3\u8000\u660e\uff0c\u8449\u5fb7\u5afb\uff0c\u8b1d\u5b89\u742a\uff0c\u4ee5\u53ca\u6797\u5915\u7b49\u9999\u6e2f\u97f3\u6a02\u4eba\u5275\u4f5c\u300c\u6490\u8d77\u96e8\u5098\u300d\u4e00\u66f2\u3002 \u20272014\u5e7410\u670810\u65e5\u8207\u5176\u4ed6\u6587\u5316\u754c\u4eba\u58eb\u6210\u7acb\u6587\u5316\u754c\u76e3\u5bdf\u66b4\u529b\u884c\u52d5\u7d44\uff0c\u64d4\u4efb\u6587\u5316\u76e3\u66b4\u53ec\u96c6\u4eba\u4e4b\u4e00\u3002 \u20272014\u5e7412\u670811\u65e5\uff0c\u4f55\u97fb\u8a69\u5728\u91d1\u9418\u4f54\u9818\u5340\u975c\u5750\uff0c\u5176\u5f8c\u88ab\u8b66\u65b9\u62d8\u6355\uff0c\u662f\u9996\u4f4d\u56e0\u516c\u6c11\u6297\u547d\u800c\u88ab\u6355\u7684\u9999\u6e2f\u85dd\u4eba\u3002 \u20272014\u5e7412\u670812\u65e5\uff0c\u5979\u548c\u5176\u4ed6\u88ab\u6355\u4eba\u58eb\u88ab\u63a7\u975e\u6cd5\u96c6\u6703\u4e26\u62d8\u7559\u4e8612\u5c0f\u6642\u3002\u5728\u8207\u5176\u4ed6\u88ab\u62d8\u7559\u4eba\u58eb\u96c6\u9ad4\u62d2\u7d55\u4fdd\u91cb\u5f8c\uff0c\u7372\u8b66\u65b9\u7121\u689d\u4ef6\u91cb\u653e\u3002","rel":"","context":"Similar post","block_context":{"text":"Similar post","link":""},"img":{"alt_text":"","src":"https:\/\/i0.wp.com\/www.symedialab.com\/talk\/wp-content\/uploads\/2015\/04\/1132.jpg?resize=350%2C200&ssl=1","width":350,"height":200},"classes":[]}],"_links":{"self":[{"href":"https:\/\/www.symedialab.com\/talk\/wp-json\/wp\/v2\/pages\/34806"}],"collection":[{"href":"https:\/\/www.symedialab.com\/talk\/wp-json\/wp\/v2\/pages"}],"about":[{"href":"https:\/\/www.symedialab.com\/talk\/wp-json\/wp\/v2\/types\/page"}],"author":[{"embeddable":true,"href":"https:\/\/www.symedialab.com\/talk\/wp-json\/wp\/v2\/users\/1207"}],"replies":[{"embeddable":true,"href":"https:\/\/www.symedialab.com\/talk\/wp-json\/wp\/v2\/comments?post=34806"}],"version-history":[{"count":0,"href":"https:\/\/www.symedialab.com\/talk\/wp-json\/wp\/v2\/pages\/34806\/revisions"}],"wp:featuredmedia":[{"embeddable":true,"href":"https:\/\/www.symedialab.com\/talk\/wp-json\/wp\/v2\/media\/38680"}],"wp:attachment":[{"href":"https:\/\/www.symedialab.com\/talk\/wp-json\/wp\/v2\/media?parent=34806"}],"curies":[{"name":"wp","href":"https:\/\/api.w.org\/{rel}","templated":true}]}}