{"id":33180,"date":"2015-03-23T00:23:12","date_gmt":"2015-03-22T16:23:12","guid":{"rendered":"http:\/\/www.symedialab.org.hk\/talk\/?page_id=33180"},"modified":"2015-05-13T11:31:20","modified_gmt":"2015-05-13T03:31:20","slug":"%e5%88%a9%e8%89%af%e5%a5%95","status":"publish","type":"page","link":"https:\/\/www.symedialab.com\/talk\/%e5%88%a9%e8%89%af%e5%a5%95\/","title":{"rendered":"\u5229\u826f\u5955"},"content":{"rendered":"<p>\u5229\u826f\u5955<\/p>\n<p>&nbsp;<\/p>\n<p>\u540d\u70ac\u660e\uff0c\u5b57\u671d\u5149<\/p>\n<p>&nbsp;<\/p>\n<p>\u7c21\u4ecb\uff1a<\/p>\n<p>\u2027\u4e94\u9091\u83ef\u50d1\uff0c\u5ee3\u6771\u65b0\u6703\u4eba\u3002\u7236\u89aa\u70ba\u5229\u7b56\u540d\uff0c\u5152\u5b50\u5229\u5e0c\u614e\u3002<\/p>\n<p>\u2027\u65e9\u5e74\u66fe\u5230\u9999\u6e2f\uff0c\u518d\u5f80\u7f8e\u570b\u4e09\u85e9\u5e02\u7576\u83ef\u5de5\uff0c\u4eba\u7a31\u6dd8\u91d1\u8005\u3002<\/p>\n<p>\u2027\u5176\u5f8c\u5229\u826f\u5955\u56de\u9999\u6e2f\u7d93\u5546\uff0c\u521d\u70ba\u7d93\u71df\u7537\u7528\u5167\u8863\uff0c\u5176\u5f8c\u517c\u71df\u516c\u7159\uff08\u9d09\u7247\uff09\u751f\u610f\uff0c\u5148\u5728\u9999\u6e2f\u5cf6\u7687\u540e\u5927\u9053\u4e2d\u958b\u8a2d\u300c\u79ae\u660c\u9686\u5546\u865f\u300d\uff0c\u5176\u5f8c\u5728\u4e5d\u9f8d\u5f4c\u6566\u9053\u958b\u8a2d\u300c\u91d1\u8208\u865f\u300d\uff0c\u7372\u5de8\u5bcc\uff0c\u6210\u70ba\u986f\u8d6b\u7684\u5229\u6c0f\u5bb6\u65cf\u7684\u5960\u57fa\u4eba\u3002<\/p>\n<p>&nbsp;<\/p>\n","protected":false},"excerpt":{"rendered":"<p>\u5229\u826f\u5955 &nbsp; \u540d\u70ac\u660e\uff0c\u5b57\u671d\u5149 &nbsp; \u7c21\u4ecb\uff1a \u2027\u4e94\u9091\u83ef\u50d1\uff0c\u5ee3\u6771\u65b0\u6703\u4eba\u3002\u7236\u89aa\u70ba\u5229\u7b56\u540d\uff0c\u5152\u5b50\u5229\u5e0c\u614e\u3002 \u2027\u65e9\u5e74\u66fe\u5230\u9999\u6e2f\uff0c\u518d\u5f80\u7f8e\u570b\u4e09\u85e9\u5e02\u7576\u83ef\u5de5\uff0c\u4eba\u7a31\u6dd8\u91d1\u8005\u3002 \u2027\u5176\u5f8c\u5229\u826f\u5955\u56de\u9999\u6e2f\u7d93\u5546\uff0c\u521d\u70ba\u7d93\u71df\u7537\u7528\u5167\u8863\uff0c\u5176\u5f8c\u517c\u71df\u516c\u7159\uff08\u9d09\u7247\uff09\u751f\u610f\uff0c\u5148\u5728\u9999\u6e2f\u5cf6\u7687\u540e\u5927\u9053\u4e2d\u958b\u8a2d\u300c\u79ae\u660c\u9686\u5546\u865f\u300d\uff0c\u5176\u5f8c\u5728\u4e5d\u9f8d\u5f4c\u6566\u9053\u958b\u8a2d\u300c\u91d1\u8208\u865f\u300d\uff0c\u7372\u5de8\u5bcc\uff0c\u6210\u70ba\u986f\u8d6b\u7684\u5229\u6c0f\u5bb6\u65cf\u7684\u5960\u57fa\u4eba\u3002 &nbsp;<\/p>\n","protected":false},"author":1207,"featured_media":39189,"parent":0,"menu_order":0,"comment_status":"open","ping_status":"open","template":"page-templates\/who-events.php","meta":[],"jetpack_shortlink":"https:\/\/wp.me\/PaaypJ-8Da","jetpack-related-posts":[{"id":33174,"url":"https:\/\/www.symedialab.com\/talk\/%e5%a4%8f%e5%88%a9%e8%90%8a\/","url_meta":{"origin":33180,"position":0},"title":"\u590f\u5229\u840a","author":"Patricia Leung","date":"March 23, 2015","format":false,"excerpt":"\u590f\u5229\u840a\uff08Hari Naroomal Harilela\uff09 \u00a0 \u7c21\u4ecb\uff1a\u9999\u6e2f\u6700\u5bcc\u6709\u7684\u5370\u5ea6\u7c4d\u5546\u4eba\uff0c\u5bb6\u65cf\u590f\u5229\u91cc\u62c9\u5bb6\u65cf\u662f\u9999\u6e2f\u671b\u65cf\u3002\u590f\u5229\u840a\u662f\u590f\u5229\u840a\u96c6\u5718\u4e3b\u5e2d\uff0c\u6301\u6709\u5c16\u6c99\u5634\u91d1\u57df\u5047\u65e5\u9152\u5e97\uff0c\u5728\u9999\u6e2f\u7d93\u71df\u9152\u5e97\u53ca\u5730\u7522\u751f\u610f\uff0c\u5bb6\u4f4f\u4e5d\u9f8d\u5858\u7aa9\u6253\u8001\u9053\u7da0\u8272\u5927\u5b85\u3002 \u00a0 \u51fa\u751f\uff1a1922\u5e74 \u901d\u4e16\uff1a2014\u5e7412\u670829\u65e5 \u00a0 \u751f\u5e73\uff1a \u2027\u590f\u5229\u840a\u662f\u5370\u5ea6\u4fe1\u5fb7\u65cf\u5546\u4eba\uff0c\u4ed67\u6b72\u8ddf\u5bb6\u9577\u4f86\u9999\u6e2f\u8b00\u751f\uff0c\u5728\u82f1\u8ecd\u8ecd\u71df\u5916\u64fa\u8ce3\uff0c\u4e4b\u5f8c\u7372\u99d0\u6e2f\u82f1\u8ecd\u98df\u54c1\u4f9b\u61c9\u53ca\u6d17\u8863\u670d\u52d9\u5408\u7d04\uff0c\u5176\u5f8c\u958b\u8a2d\u670d\u88dd\u53ca\u88c1\u7e2b\u5e97\uff0c\u751f\u610f\u9806\u5229\uff0c1959\u5e74\u8207\u5144\u5f1f\u5275\u7acb\u590f\u5229\u91cc\u62c9\u96c6\u5718\u3002\u81f3\u4eca\uff0c\u5bb6\u65cf\u751f\u610f\u5168\u7403\u5316\u3002 \u2027\u590f\u5229\u840a\u81f4\u529b\u63d0\u5021\u5728\u6e2f\u5c11\u6578\u65cf\u88d4\u7684\u798f\u5229\uff0c\u5728\u5370\u5ea6\u793e\u7fa3\u4e2d\u5099\u53d7\u5c0a\u5d07\u3002\u53e6\u5916\uff0c\u7a4d\u6975\u53c3\u8207\u9999\u6e2f\u6148\u5584\u6d3b\u52d5\uff0c\u5c24\u5176\u652f\u6301\u662f\u9999\u6e2f\u5927\u5c08\u6559\u80b2\uff0c\u4e26\u8a2d\u7acb\u734e\u5b78\u91d1\u7b49\u3002 \u00a0 \u69ae\u8b7d\uff1a 1963\u5e74\uff1a\u975e\u5b98\u5b88\u592a\u5e73\u7d33\u58eb 2000\u5e74\uff1a\u91d1\u7d2b\u834a\u661f\u7ae0 2009\u5e74\uff1a\u5927\u7d2b\u834a\u52f3\u7ae0","rel":"","context":"Similar post","block_context":{"text":"Similar post","link":""},"img":{"alt_text":"","src":"https:\/\/i0.wp.com\/www.symedialab.com\/talk\/wp-content\/uploads\/2015\/03\/\u590f\u5229\u840a.jpg?resize=350%2C200&ssl=1","width":350,"height":200},"classes":[]},{"id":34803,"url":"https:\/\/www.symedialab.com\/talk\/%e4%bd%95%e9%9f%bb%e8%a9%a9\/","url_meta":{"origin":33180,"position":1},"title":"\u4f55\u97fb\u8a69","author":"Patricia Leung","date":"April 2, 2015","format":false,"excerpt":"\u4f55\u97fb\u8a69 \u8eab\u4efd\uff1a\u9999\u6e2f\u5973\u6b4c\u624b \u51fa\u751f\uff1a1977\u5e74\uff0c\u7c4d\u8cab\u5ee3\u6771\u9806\u5fb7\u3002 \u5bb6\u5ead\uff1a \u2027\u7236\u6bcd\u5747\u70ba\u9000\u4f11\u6559\u5e2b\uff0c\u7236\u89aa\u4f55\u5fb7\u661f\u9000\u4f11\u524d\u5728\u62d4\u8403\u7537\u66f8\u9662\u6559\u7f8e\u8853\uff0c\u6bcd\u89aa\u9ece\u5c0f\u73cd\u9000\u4f11\u524d\u5728\u8056\u58eb\u63d0\u53cd\u5973\u5b50\u4e2d\u5b78\u6559\u6578\u5b78\u3002 \u2027\u54e5\u54e5\u4f55\u79c9\u821c\u81ea\u5c0f\u5b78\u7fd2\u92fc\u7434\uff0c\u7562\u696d\u65bc\u5df4\u9ece\u9ad8\u7b49\u97f3\u6a02\u5e2b\u7bc4\u5b78\u9662\u53ca\u52a0\u62ff\u5927\u9b41\u5317\u514b\u7701\u7acb\u97f3\u6a02\u5b78\u9662\uff0c\u4e3b\u4fee\u92fc\u7434\u6f14\u594f\uff0c\u5f8c\u6295\u8eab\u65bc\u6d41\u884c\u97f3\u6a02\u4e8b\u696d\uff0c\u4e26\u52a0\u5165\u9752\u5c71\u5927\u6a02\u968a\uff0c\u4e00\u76f4\u70ba\u5979\u88fd\u4f5c\u5531\u7247\uff0c\u5408\u4f5c\u81f3\u4eca\u3002 \u5b78\u6b77\uff1a \u2027\u66fe\u5c31\u8b80\u57fa\u7763\u5802\u5e7c\u7a1a\u5712\u53ca\u9999\u6e2f\u62d4\u8403\u5973\u5c0f\u5b78 \u2027\u66fe\u5c31\u8b80\u9b41\u5317\u514b\u5927\u5b78\u8499\u7279\u5229\u723e\u5206\u6821\uff0c\u4e3b\u4fee\u5e73\u9762\u8a2d\u8a08\uff0c\u5f8c\u56de\u6e2f\u767c\u5c55\uff0c\u6545\u672a\u7562\u696d\u3002 \u751f\u5e73\uff1a \u202711\u6b72\u6642\u8ddf\u96a8\u5bb6\u4eba\u79fb\u6c11\u52a0\u62ff\u5927\u8499\u7279\u5229\u723e \u20271996\u5e74\u56de\u6e2f\u53c3\u52a0\u7121\u7dab\u96fb\u8996\uff08TVB\uff09\u53ca\u83ef\u661f\u5531\u7247\u5408\u8fa6\u7684\u65b0\u79c0\u6b4c\u5531\u5927\u8cfd\uff0c\u5176\u5f8c\u8fd4\u56de\u52a0\u62ff\u5927\u5347\u8b80\u9b41\u5317\u514b\u5927\u5b78\u8499\u7279\u5229\u723e\u5206\u6821\uff08Universit\u00e9 du Qu\u00e9bec \u00e0 Montr\u00e9al\uff09\uff0c\u4e3b\u4fee\u5e73\u9762\u8a2d\u8a08\uff08graphic design\uff09\uff0c\u4f46\u53ea\u8b80\u4e86\u4e00\u500b\u5b78\u671f\u4fbf\u8fd4\u56de\u9999\u6e2f\u5f9e\u4e8b\u6b4c\u5531\u4e8b\u696d\u3002 \u2027\u57282006\u5e74\u5ea6\u300a\u53f1\u54a4\u6a02\u58c7\u6d41\u884c\u699c\u9812\u734e\u5178\u79ae\u300b\u7372\u5f97\u300c\u53f1\u54a4\u6a02\u58c7\u5973\u6b4c\u624b\u91d1\u734e\u300d \u20272010\u5e74\u6191\u300a\u7121\u540d\u00b7\u8a69\u300b\u5c08\u8f2f\u5165\u570d\u7b2c22\u5c46\u53f0\u7063\u91d1\u66f2\u734e\u300c\u6700\u4f73\u570b\u8a9e\u5973\u6b4c\u624b\u734e\u300d\u7684\u4e94\u5f37\uff0c\u662f\u9999\u6e2f\u5c11\u6578\u5165\u570d\u904e\u6b64\u734e\u7684\u5973\u6b4c\u624b\u4e4b\u4e00\u3002 \u20272007\u5e74\u6210\u7acb\u4f55\u97fb\u8a69\u6148\u5584\u57fa\u91d1\uff0c\u81f4\u529b\u6559\u80b2\u652f\u6301\u8005\u53ca\u5e74\u9752\u4e00\u4ee3\u8ca2\u737b\u793e\u6703 \u20272012\u5e7411\u670810\u65e5\u4f55\u97fb\u8a69\u8207\u7236\u6bcd\u3001\u53cb\u4eba\u53c3\u8207\u4e3b\u984c\u70ba\u300c\u540c\u5fd7\u662f\u6562\u7684\u300d\uff08dare to love\uff09\u9999\u6e2f\u540c\u5fd7\u904a\u884c\u6d3b\u52d5\u5f8c\uff0c\u5728\u6d3b\u52d5\u821e\u53f0\u4e0a\u516c\u958b\u8868\u660e\u81ea\u5df1\u7684\u540c\u5fd7\u8eab\u4efd\uff0c\u6b63\u5f0f\u51fa\u6ac3\u3002 \u20272013\u5e741\u6708\u5979\u8207\u53e6\u4e00\u540c\u5fd7\u6b4c\u624b\u9ec3\u8000\u660e\u3001\u7acb\u6cd5\u6703\u8b70\u54e1\u4f55\u79c0\u862d\u3001\u9673\u5fd7\u5168\u3001\u540d\u5a9b\u8d99\u5f0f\u829d\u7b49\u6210\u7acb\u975e\u725f\u5229\u5718\u9ad4\u300c\u5927\u611b\u540c\u76df\u300d\uff08Big Love Alliance\uff09 \u20272014\u5e749\u670827\u65e5\u70ba\u652f\u6301\u9999\u6e2f\u771f\u666e\u9078\u7684\u5b78\u751f\u7ad9\u53f0\uff0c\u8072\u63f4\u91cd\u596a\u300c\u516c\u6c11\u5ee3\u5834\u300d\u884c\u52d5\u88ab\u6355\u7684\u5b78\u751f\uff0c\u6210\u70ba\u9996\u4f4d\u5728\u5b78\u806f\u7f77\u8ab2\u5f8c\u516c\u958b\u652f\u6301\u5b78\u751f\u7684\u85dd\u4eba\u3002\u5176\u5f8c\u4f55\u97fb\u8a69\uff0c\u9ec3\u8000\u660e\uff0c\u8449\u5fb7\u5afb\uff0c\u8b1d\u5b89\u742a\uff0c\u4ee5\u53ca\u6797\u5915\u7b49\u9999\u6e2f\u97f3\u6a02\u4eba\u5275\u4f5c\u300c\u6490\u8d77\u96e8\u5098\u300d\u4e00\u66f2\u3002 \u20272014\u5e7410\u670810\u65e5\u8207\u5176\u4ed6\u6587\u5316\u754c\u4eba\u58eb\u6210\u7acb\u6587\u5316\u754c\u76e3\u5bdf\u66b4\u529b\u884c\u52d5\u7d44\uff0c\u64d4\u4efb\u6587\u5316\u76e3\u66b4\u53ec\u96c6\u4eba\u4e4b\u4e00\u3002 \u20272014\u5e7412\u670811\u65e5\uff0c\u4f55\u97fb\u8a69\u5728\u91d1\u9418\u4f54\u9818\u5340\u975c\u5750\uff0c\u5176\u5f8c\u88ab\u8b66\u65b9\u62d8\u6355\uff0c\u662f\u9996\u4f4d\u56e0\u516c\u6c11\u6297\u547d\u800c\u88ab\u6355\u7684\u9999\u6e2f\u85dd\u4eba\u3002 \u20272014\u5e7412\u670812\u65e5\uff0c\u5979\u548c\u5176\u4ed6\u88ab\u6355\u4eba\u58eb\u88ab\u63a7\u975e\u6cd5\u96c6\u6703\u4e26\u62d8\u7559\u4e8612\u5c0f\u6642\u3002\u5728\u8207\u5176\u4ed6\u88ab\u62d8\u7559\u4eba\u58eb\u96c6\u9ad4\u62d2\u7d55\u4fdd\u91cb\u5f8c\uff0c\u7372\u8b66\u65b9\u7121\u689d\u4ef6\u91cb\u653e\u3002","rel":"","context":"Similar post","block_context":{"text":"Similar post","link":""},"img":{"alt_text":"","src":"https:\/\/i0.wp.com\/www.symedialab.com\/talk\/wp-content\/uploads\/2015\/04\/1132.jpg?resize=350%2C200&ssl=1","width":350,"height":200},"classes":[]},{"id":33509,"url":"https:\/\/www.symedialab.com\/talk\/%e9%83%ad%e5%ae%b6%e6%98%8e\/","url_meta":{"origin":33180,"position":2},"title":"\u90ed\u5bb6\u660e","author":"Patricia Leung","date":"March 24, 2015","format":false,"excerpt":"\u90ed\u5bb6\u660e \u00a0 \u8eab\u4efd\uff1a\u9999\u6e2f\u8db3\u7e3d\u6280\u8853\u9867\u554f\uff0c\u517c\u4efb\u4e2d\u570b\u8db3\u5354\u6280\u8853\u4e3b\u4efb\u3002 \u00a0 \u51fa\u751f\uff1a1949\u5e7410\u670830\u65e5 \u00a0 \u5b78\u6b77\uff1a \u2027\u66fe\u5c31\u8b80\u8056\u82b3\u6fdf\u66f8\u9662 \u00a0 \u7403\u54e1\u751f\u6daf\uff1a \u20271965\u5e74\u590f\u5b63\u53c3\u52a0\u9999\u6e2f\u8db3\u7403\u7e3d\u6703\u8209\u8fa6\u7684\u9752\u5c11\u5e74\u8a13\u7df4\u73ed\uff0c\u53d7\u6559\u65bc\u4f55\u61c9\u82ac\u53ca\u9127\u68ee\uff0c\u540c\u5c46\u5b78\u54e1\u9084\u6709\u6881\u7dad\u5149\u53ca\u7f85\u7076\u77f3\u7b49\u3002\u5176\u5f8c\u90ed\u5bb6\u660e\u5165\u9078\u65b0\u754c\u9752\u5e74\u8ecd\uff0c\u4e26\u52a0\u5165\u5143\u6717\u9810\u5099\u7d44\u3002 \u20271968\u5e74\u521d\uff0c\u525b\u6eff18\u6b72\u7684\u90ed\u5bb6\u660e\u4e2d\u4e94\u7562\u696d\uff0c\u7c3d\u7d04\u52a0\u76df\u6d41\u6d6a\uff0c\u6210\u70ba\u8077\u696d\u7403\u54e1\u3002 \u20271971\u5e74\u8d74\u82f1\u570b\u53c3\u52a0\u6559\u7df4\u8a13\u7df4\u73ed\uff0c\u7fcc\u5e74\u53d6\u5f97\u82f1\u683c\u862d\u548c\u8607\u683c\u862d\u521d\u7d1a\u6559\u7df4\u6587\u6191\u3002 \u20271973\u5e74\u958b\u59cb\u5728\u6d41\u6d6a\u64d4\u4efb\u7403\u54e1\u517c\u6559\u7df4 \u20271977\u5e74\u7372\u52a0\u5c71\u5973\u73ed\u4e3b\u9673\u7464\u7434\u62db\u652c\u52a0\u76df\uff0c\u540c\u6a23\u64d4\u4efb\u7403\u54e1\u517c\u6559\u7df4\uff0c\u4e26\u7372\u9078\u70ba\u9999\u6e2f\u5341\u5927\u5091\u51fa\u9752\u5e74\u53ca\u7372\u9812\u6388MBE\u52db\u929c\u3002 \u20271979\u5e74\u90ed\u5bb6\u660e\u8207\u52a0\u5c71\u5169\u5e74\u5408\u7d04\u5c46\u6eff\uff0c\u6c7a\u5b9a\u639b\u9774\u3002 \u2027\u53d7\u8058\u70ba\u9280\u79a7\u4e2d\u5fc3\u8db3\u7403\u6559\u7df4\uff0c\u8ca0\u8cac\u5b78\u6821\u53ca\u9752\u5c11\u5e74\u8db3\u7403\u8a13\u7df4\u5de5\u4f5c\uff0c\u7c3d\u7d043\u5e74\u3002 \u20271985\u5e74\u5e36\u9818\u9999\u6e2f\u968a\u5728\u5317\u4eac\u4ee5\u5f31\u52dd\u5f37\u64ca\u6557\u4e2d\u570b\u968a\uff0c\u7372\u4e2d\u570b\u50b3\u5a92\u7a31\u70ba\u300c\u667a\u591a\u661f\u300d\u3002 \u20271990\u5e74\u6210\u70ba\u4e9e\u6d32\u8db3\u806f\u8db3\u7403\u6559\u7df4\u5c0e\u5e2b \u20271993\u5e74\u70ba\u6fb3\u6d32\u4e16\u9752\u76c3\u64d4\u4efb\u6280\u8853\u7814\u7a76\u5de5\u4f5c \u20271996\u5e74\u6210\u70ba\u570b\u969b\u8db3\u7e3d\u8db3\u7403\u6559\u7df4\u5c0e\u5e2b\uff0c\u4ea6\u70ba\u963f\u7279\u862d\u5927\u5967\u904b\u8db3\u7403\u8cfd\u64d4\u4efb\u6280\u8853\u7814\u7a76\u3002 \u20271998\u5e74\u6210\u70ba\u4e9e\u6d32\u8db3\u806f\u7684\u9867\u554f \u20272006\u5e74\u4e16\u754c\u76c3\uff0c\u7372\u570b\u969b\u8db3\u7e3d\u59d4\u4efb\u70ba12\u4f4d\u6280\u8853\u7814\u7a76\u54e1\u4e4b\u4e00\uff0c\u8207\u5580\u9ea5\u9686\u7684\u7f85\u5091\u00b7\u7c73\u62c9\u548c\u82f1\u683c\u862d\u7684\u970d\u5947\u68ee\u7b49\u70ba\u8cfd\u4e8b\u64b0\u5beb\u6280\u8853\u5831\u544a\uff0c\u662f\u9996\u4f4d\u64d4\u4efb\u6280\u8853\u7814\u7a76\u54e1\u7684\u83ef\u4eba\u3002 \u20272010\u5e7412\u67083\u65e5\uff0c\u4e2d\u570b\u8db3\u5354\u5ba3\u5e03\u8058\u8acb\u90ed\u5bb6\u660e\u64d4\u4efb\u6280\u8853\u4e3b\u4efb\uff0c\u4efb\u671f\u81f3\u5c114\u5e74\u3002 \u20272014\u5e746\u6708\uff0c\u9023\u7e8c3\u5c46\u4e16\u754c\u76c3\u7372\u59d4\u4efb\u70ba\u570b\u969b\u8db3\u7e3d\u6280\u8853\u7814\u7a76\u5c0f\u7d44\uff08TSG\uff09\u6210\u54e1\u3002 \u9038\u4e8b\uff1a \u4e00\u624b\u767c\u6398\u90ed\u5bb6\u660e\u7684\u6d41\u6d6a\u73ed\u4e3b\u7562\u7279\u5229\uff0c\u5c0d\u90ed\u5bb6\u660e\u7279\u5225\u75bc\u611b\uff0c\u591a\u5e74\u4f86\u6d41\u6d6a\u90fd\u9762\u5c0d\u5176\u4ed6\u7403\u968a\u6316\u89d2\uff0c\u8af8\u5982\u9ece\u65b0\u7965\u3001\u937e\u695a\u7dad\u7b49\u7403\u54e1\uff0c\u7562\u7279\u5229\u90fd\u4e0d\u4ecb\u610f\u8b93\u4ed6\u5011\u96e2\u958b\uff0c\u552f\u7368\u4e0d\u6368\u90ed\u5bb6\u660e\u3002\u64da\u4ee3\u66ff\u7562\u7279\u5229\u63a5\u624b\u6d41\u6d6a\u7684\u674e\u8f1d\u7acb\u900f\u9732\uff0c\u7562\u7279\u5229\u5fcd\u75db\u653e\u8d70\u90ed\u5bb6\u660e\u5f8c\uff0c\u66f4\u66fe\u6709\u81ea\u6bba\u5ff5\u982d\u3002\u7562\u7279\u5229\u4e5f\u8a8d\u70ba\uff0c\u81ea\u5df1\u8981\u90ed\u5bb6\u660e\u653e\u68c4\u5347\u5b78\u8e22\u8db3\u7403\u662f\u5bb3\u4e86\u4ed6\uff0c\u56e0\u70ba\u4ee5\u90ed\u7684\u4e2d\u4e94\u5b78\u6b77\uff0c\u5c31\u7b97\u672a\u80fd\u7e7c\u7e8c\u5347\u5b78\uff0c\u4e5f\u5df2\u7d93\u8db3\u5920\u627e\u5230\u6bd4\u8e22\u7403\u66f4\u597d\u7684\u5de5\u4f5c\u3002","rel":"","context":"Similar post","block_context":{"text":"Similar post","link":""},"img":{"alt_text":"","src":"https:\/\/i0.wp.com\/www.symedialab.com\/talk\/wp-content\/uploads\/2015\/03\/\u90ed\u5bb6\u660e.jpg?resize=350%2C200&ssl=1","width":350,"height":200},"classes":[]},{"id":26757,"url":"https:\/\/www.symedialab.com\/talk\/%e5%88%a9%e6%95%8f%e8%b2%9e\/","url_meta":{"origin":33180,"position":3},"title":"\u5229\u654f\u8c9e","author":"Alex Tan","date":"February 9, 2015","format":false,"excerpt":"\u5229\u654f\u8c9e\uff0cJP\uff08Eliza LEE Man-ching\uff092012\u5e744\u6708\u4e0a\u4efb\u9999\u6e2f\u7279\u5225\u884c\u653f\u5340\u653f\u5e9c\u901a\u8a0a\u4e8b\u52d9\u7e3d\u76e3\uff0c\u638c\u7ba1\u901a\u8a0a\u4e8b\u52d9\u7ba1\u7406\u5c40\u8f44\u4e0b\u57f7\u884c\u90e8\u9580\u901a\u8a0a\u4e8b\u52d9\u7ba1\u7406\u5c40\u8fa6\u516c\u5ba4\uff0c\u4e26\u64d4\u4efb\u901a\u8a0a\u5c40\u7576\u7136\u6210\u54e1\u3002 \u5e74\u3000\u4efd \u3000\u3000\u7d93\u3000\u3000\u6b77 1988\u5e74 \u52a0\u5165\u653f\u52d9\u8077\u7cfb\uff0c\u66fe\u670d\u52d9\u591a\u500b\u6c7a\u7b56\u5c40\u53ca\u90e8\u9580\uff0c\u5305\u62ec\u524d\u7687\u5bb6\u9999\u6e2f\u8b66\u52d9\u8655\u3001\u524d\u5e03\u653f\u53f8\u8fa6\u516c\u5ba4\u3001\u61f2\u6559\u7f72\u3001\u524d\u6587\u5eb7\u5ee3\u64ad\u79d1\u3001\u524d\u904b\u8f38\u79d1\uff08\u5f8c\u6539\u7a31\u904b\u8f38\u5c40\uff09\u548c\u524d\u8cbf\u6613\u7f72\uff08\u5f8c\u6539\u7a31\u5de5\u696d\u8cbf\u6613\u7f72\uff09 2001\u5e74 \u51fa\u4efb\u884c\u653f\u7f72\u526f\u7f72\u9577 2006\u5e74 \u51fa\u4efb\u885b\u751f\u798f\u5229\u53ca\u98df\u7269\u5c40\u526f\u79d8\u66f8\u9577\uff08\u5bb6\u5ead\u53ca\u5a66\u5973\u4e8b\u52d9\uff09 2007\u5e74 \u51fa\u4efb\u52de\u5de5\u798f\u5229\u5c40\u526f\u79d8\u66f8\u9577\uff08\u798f\u5229 2008\u5e74 \u6649\u5347\u70ba\u9996\u9577\u7d1a\u4e59\u4e00\u7d1a\u653f\u52d9\u5b98 2012\u5e74 \u5c31\u4efb\u653f\u5e9c\u901a\u8a0a\u4e8b\u52d9\u7e3d\u76e3 \u5229\u654f\u8c9e2014\u5e743\u6708\u9762\u5c0d\u7576\u6642\u4e0d\u7372\u767c\u514d\u8cbb\u96fb\u8996\u724c\u7684\u738b\u7dad\u57fa\u7684\u6307\u63a7\uff0c\u53ec\u958b\u8a18\u8005\u6703\uff0c\u4e00\u4e00\u4f5c\u51fa\u56de\u61c9\uff0c\u8868\u793a\u738b\u7dad\u57fa\u6df7\u6dc6\u89d2\u8272\uff0c\u4ee5\u70ba\u81ea\u5df1\u662f\u898f\u7ba1\u6a5f\u69cb\uff0c\u53c8\u8868\u793a\u5be7\u53ef\u88ab\u6307\u50f5\u5316\u53ca\u5b98\u50da\uff0c\u4e5f\u4e0d\u6703\u80cc\u8ca0\u6709\u6cd5\u4e0d\u4f9d\u3001\u57f7\u6cd5\u4e0d\u516c\u7684\u7f6a\u884c\u3002 \u738b\u7dad\u57fa\u4e4b\u5f8c\u53cd\u99c1\uff0c\u5229\u654f\u8c9e\u53c8\u7acb\u5373\u56de\u61c9\uff0c\u300a\u4fe1\u5831\u300b\u300c\u4f59\u9326\u8ce2\u5c08\u6b04\u300d2014\u5e743\u670822\u65e5\u9019\u6a23\u8a55\u50f9\u5229\u654f\u8c9e\u7684\u8868\u73fe\uff1a\u300c\uff08\u5979\uff09\u8fd1\u671f\u8868\u73fe\u4ee4\u4eba\u773c\u524d\u4e00\u4eae\u2027\u2027\u2027\uff1b\u4ee5AO\u300e\u505a\u597d\u5462\u4efd\u5de5\u300f\u7684\u5ea7\u53f3\u9298\uff0c\u5979\u7684\u4efb\u52d9\u662f\u57f7\u884c\u653f\u7b56\uff0c\u4f9d\u6cd5\u76e3\u7ba1\uff0c\u5982\u679c\u5979\u62d2\u7d55\u516c\u958b\u53cd\u99c1\u738b\u7dad\u57fa\uff0c\u628a\u8cac\u4efb\u4ea4\u9084\u554f\u8cac\u5b98\u54e1\uff0c\u4ee5\u73fe\u5728\u7684\u5b98\u5834\u898f\u77e9\uff0c\u4e26\u4e0d\u80fd\u8aaa\u5979\u5378\u818a\u3002\u300d\u300c\uff08\u4f46\u5979\uff09\u4e0d\u5149\u662f\u6f84\u6e05\u6216\u91cd\u8907\u653f\u5e9c\u653f\u7b56\uff0c\u800c\u662f\u76f4\u6307\u738b\u7dad\u57fa\u7684\u932f\u8aa4\uff0c\u6beb\u4e0d\u8ff4\u907f\u3002\u8ad6\u6230\u9b25\u529b\u3001\u8ad6\u81bd\u8b58\uff0c\u5229\u654f\u8c9e\u8d85\u904e\u5927\u90e8\u5206\u554f\u8cac\u5b98\u54e1\u3002\u300d \u20272018\u5e742\u6708\uff0c\u5229\u654f\u8c9e\u5728\u4e00\u500b\u8a18\u8005\u62db\u5f85\u6703\u4e0a\u8eab\u7a7f\u4e00\u8972\u985e\u4f3c\u6e05\u671d\u5b98\u670d\u7684\u5957\u88dd\uff0c\u8863\u7740\u54c1\u5473\u5f15\u8d77\u71b1\u8b70\u3002\u7576\u65e5\u540c\u5834\u7684\u5546\u7d93\u5c40\u9577\u90b1\u9a30\u83ef\u5927\u8b9a\u5229\u654f\u8c9e\u8863\u7740\u6070\u5982\u5176\u5206\uff0c\u597d\u6709fashion sense\u3002 http:\/\/symldev.com\/talk\/?attachment_id=270","rel":"","context":"Similar post","block_context":{"text":"Similar post","link":""},"img":{"alt_text":"","src":"https:\/\/i0.wp.com\/www.symedialab.com\/talk\/wp-content\/uploads\/2015\/02\/271.jpg?resize=350%2C200&ssl=1","width":350,"height":200},"classes":[]},{"id":52833,"url":"https:\/\/www.symedialab.com\/talk\/%e5%a4%8f%e9%9b%85%e6%9c%97\/","url_meta":{"origin":33180,"position":4},"title":"\u590f\u96c5\u6717","author":"KAI WING MONIQUE AU","date":"July 15, 2015","format":false,"excerpt":"\u590f\u96c5\u6717 \u00a0 \u73fe\u8077:\u00a0\u590f\u5229\u91cc\u62c9\u9152\u5e97\u6709\u9650\u516c\u53f8\u8463\u4e8b \u00a0 \u5bb6\u5ead: \u2027\u7236\u89aa\u662f\u590f\u5229\u840a \u00a0 \u5b78\u6b77: \u2027\u82f1\u570b\u8d6b\u723e\u5927\u5b78\u653f\u6cbb\u54f2\u5b78\u535a\u58eb\u5b78\u4f4d \u5de5\u4f5c\u6b77\u7a0b: \u20271994\u5e74 \u52a0\u5165\u590f\u5229\u91cc\u62c9\u96c6\u5718\u7684\u502b\u6566\u8fa6\u4e8b\u8655 \u20271996\u5e74 \u8f49\u5f80\u9999\u6e2f\u7e3d\u90e8 \u00a0 \u5176\u4ed6\u516c\u8077: \u2027\u535a\u96c5\u516c\u5171\u95dc\u4fc2\u6709\u9650\u516c\u53f8\u975e\u57f7\u884c\u4e3b\u5e2d \u2027\u9999\u6e2f\u7e3d\u5546\u6703\u96f6\u552e\u53ca\u5206\u767c\u59d4\u54e1\u6703\u4e3b\u5e2d \u2027\u9999\u6e2f\u7e3d\u5546\u6703\u5730\u7522\u53ca\u57fa\u5efa\u59d4\u54e1\u6703\u526f\u4e3b\u5e2d \u2027\u9999\u6e2f\u7e3d\u5546\u6703\u7d93\u6fdf\u653f\u7b56\u59d4\u54e1\u6703\u59d4\u54e1 \u2027\u9999\u6e2f\u5de5\u5546\u5c08\u696d\u806f\u6703\u7fa9\u52d9\u79d8\u66f8 \u2027\u9999\u6e2f\u5927\u5b78\u7684\u9867\u554f\u59d4\u54e1","rel":"","context":"Similar post","block_context":{"text":"Similar post","link":""},"img":{"alt_text":"","src":"https:\/\/i0.wp.com\/www.symedialab.com\/talk\/wp-content\/uploads\/2015\/07\/497.jpg?resize=350%2C200&ssl=1","width":350,"height":200},"classes":[]},{"id":47437,"url":"https:\/\/www.symedialab.com\/talk\/%e5%8a%89%e9%91%be%e9%b4%bb\/","url_meta":{"origin":33180,"position":5},"title":"\u5289\u947e\u9d3b","author":"Patricia Leung","date":"June 12, 2015","format":false,"excerpt":"\u5289\u947e\u9d3b\uff08Thomas Lau\uff09 \u8eab\u4efd\uff1a\u5229\u798f\u570b\u969b\u4e3b\u5e2d\u3001\u81f3\u7965\u7f6e\u696d\u53ca\u79d1\u9444\u6280\u8853\u96c6\u5718\u7684\u4e3b\u5e2d\u53ca\u57f7\u884c\u8463\u4e8b \u5225\u865f\uff1a\u7d30\u5289 \u51fa\u751f\uff1a1953\u5e74\u751f\u65bc\u9999\u6e2f\uff0c\u7c4d\u8cab\u5ee3\u6771\u6f6e\u5dde\u6f6e\u5b89\u7e23\u3002 \u5b78\u6b77\uff1a \u20271975\u5e74\u53d6\u5f97\u591a\u502b\u591a\u5927\u5b78\u5b78\u58eb\u5b78\u4f4d \u20271978\u5e74\u53d6\u5f97\u52a0\u62ff\u5927\u6eab\u838e\u5927\u5b78\u5546\u5b78\u58eb\u5b78\u4f4d\u53ca\u5de5\u5546\u7ba1\u7406\u78a9\u58eb\u5b78\u4f4d \u5bb6\u5ead\uff1a \u2027\u7236\u89aa\u5289\u706b\u69ae \u2027\u6bcd\u89aa\u8449\u6dd1\u5a49 \u2027\u59bb\u5b50Linda Lau \u2027\u54e5\u54e5\u70ba\u83ef\u4eba\u7f6e\u696d\u524d\u4e3b\u5e2d\u5289\u947e\u96c4 \u7c21\u6b77\uff1a \u20271985\u5e74\u8d77\u52a0\u5165\u83ef\u4eba\u7f6e\u696d\u96c6\u5718 \u20272004\u5e74\u52a0\u5165\u5229\u798f\u570b\u969b \u20272013\u5e74\u51fa\u4efb\u5229\u798f\u5730\u7522\u767c\u5c55\u6709\u9650\u516c\u53f8\u4e3b\u5e2d\u53ca\u975e\u57f7\u884c\u8463\u4e8b \u20272015\u5e746\u6708\u7372\u59d4\u4efb\u70ba\u5229\u798f\u570b\u969b\u4e3b\u5e2d \u516c\u8077\uff1a \u7b2c\u5341\u4e8c\u5c46\u4e2d\u570b\u4eba\u6c11\u653f\u6cbb\u5354\u5546\u6703\u8b70\u4e0a\u6d77\u5e02\u59d4\u54e1\u6703\u59d4\u54e1\u3001\u4e2d\u570b\u4e0a\u6d77\u4ea4\u901a\u5927\u5b78\u8463\u4e8b\u6703\u6210\u54e1 \u00a0","rel":"","context":"Similar post","block_context":{"text":"Similar post","link":""},"img":{"alt_text":"","src":"https:\/\/i0.wp.com\/www.symedialab.com\/talk\/wp-content\/uploads\/2015\/06\/507.jpg?resize=350%2C200&ssl=1","width":350,"height":200},"classes":[]}],"_links":{"self":[{"href":"https:\/\/www.symedialab.com\/talk\/wp-json\/wp\/v2\/pages\/33180"}],"collection":[{"href":"https:\/\/www.symedialab.com\/talk\/wp-json\/wp\/v2\/pages"}],"about":[{"href":"https:\/\/www.symedialab.com\/talk\/wp-json\/wp\/v2\/types\/page"}],"author":[{"embeddable":true,"href":"https:\/\/www.symedialab.com\/talk\/wp-json\/wp\/v2\/users\/1207"}],"replies":[{"embeddable":true,"href":"https:\/\/www.symedialab.com\/talk\/wp-json\/wp\/v2\/comments?post=33180"}],"version-history":[{"count":0,"href":"https:\/\/www.symedialab.com\/talk\/wp-json\/wp\/v2\/pages\/33180\/revisions"}],"wp:featuredmedia":[{"embeddable":true,"href":"https:\/\/www.symedialab.com\/talk\/wp-json\/wp\/v2\/media\/39189"}],"wp:attachment":[{"href":"https:\/\/www.symedialab.com\/talk\/wp-json\/wp\/v2\/media?parent=33180"}],"curies":[{"name":"wp","href":"https:\/\/api.w.org\/{rel}","templated":true}]}}