{"id":30595,"date":"2015-03-09T03:20:35","date_gmt":"2015-03-08T19:20:35","guid":{"rendered":"http:\/\/www.symedialab.org.hk\/talk\/?page_id=30595"},"modified":"2015-09-19T01:55:49","modified_gmt":"2015-09-18T17:55:49","slug":"%e6%99%ae%e5%88%97%e5%a4%ab%e5%85%a7%e5%88%a9%e8%80%b6%e5%a4%ab","status":"publish","type":"page","link":"https:\/\/www.symedialab.com\/talk\/%e6%99%ae%e5%88%97%e5%a4%ab%e5%85%a7%e5%88%a9%e8%80%b6%e5%a4%ab\/","title":{"rendered":"\u666e\u5217\u592b\u5167\u5229\u8036\u592b"},"content":{"rendered":"<p>\u7f85\u68ee\u00b7\u666e\u5217\u592b\u5167\u5229\u8036\u592b\uff08Rosen Asenov Plevneliev\uff09<\/p>\n<p>\u8eab\u4efd\uff1a\u4fdd\u52a0\u5229\u4e9e\u7e3d\u7d71<\/p>\n<p>\u51fa\u751f\uff1a1964\u5e745\u670814\u65e5\u751f\u65bc\u4fdd\u52a0\u5229\u4e9e\u6208\u7b56\u00b7\u5fb7\u723e\u5207\u592b\u5e02<\/p>\n<p>\u5b78\u6b77\uff1a<\/p>\n<p>\u2027\u7562\u696d\u65bc\u4fdd\u52a0\u5229\u4e9e\u7d22\u975e\u4e9e\u6280\u8853\u5927\u5b78<\/p>\n<p>\u5bb6\u5ead\uff1a<\/p>\n<p>\u2027\u59bb\u5b50Yuliyana Plevnelieva<\/p>\n<p>\u2027\u80b2\u67093\u500b\u5152\u5b50\uff1aPhilip\u3001Asen\u3001Paul<\/p>\n<p>\u7c21\u6b77\uff1a<\/p>\n<p>\u2027\u9ad8\u4e2d\u6642\u671f\uff0c\u66fe\u7372\u5168\u570b\u96fb\u8166\u7de8\u7a0b\u7af6\u8cfd\u51a0\u8ecd\u3002<\/p>\n<p>\u2027\u5927\u5b78\u7562\u696d\u5f8c\uff0c\u5728\u4fdd\u52a0\u5229\u4e9e\u5fae\u8655\u7406\u5668\u6280\u8853\u7814\u7a76\u9662\u4efb\u52a9\u7406\u7814\u7a76\u54e1\u3002<\/p>\n<p>\u20271990\u5e74\uff0c\u5728\u5fb7\u570b\u5275\u7acb\u4e00\u5bb6\u5efa\u7bc9\u516c\u53f8\u3002<\/p>\n<p>\u20271990\u5e74\u81f32009\u5e74\uff0c\u4ed6\u7684\u516c\u53f8\u5728\u5fb7\u570b\u3001\u4fdd\u52a0\u5229\u4e9e\u7b49\u570b\u627f\u5efa\u4e86\u5927\u91cf\u5efa\u7bc9\u9805\u76ee\u3002<\/p>\n<p>\u20272004\u5e74\u81f32009\u5e74\uff0c\u64d4\u4efb\u4fdd\u52a0\u5229\u4e9e\u7f8e\u570b\u5546\u6703\u8463\u4e8b\u6703\u6210\u54e1\u3001\u4fdd\u52a0\u5229\u4e9e\u50f1\u4e3b\u548c\u5de5\u696d\u5bb6\u806f\u5408\u6703\u8463\u4e8b\u6703\u6210\u54e1\uff0c\u4ee5\u53ca\u300c\u70ba\u4e86\u6211\u5011\u7684\u5b69\u5b50\u300d\u57fa\u91d1\u6703\u8463\u4e8b\u6703\u6210\u54e1\u3002<\/p>\n<p>\u20272009\u5e747\u670827\u65e5\u81f32011\u5e749\u67089\u65e5\uff0c\u51fa\u4efb\u653f\u5e9c\u5730\u5340\u767c\u5c55\u548c\u516c\u5171\u5de5\u7a0b\u90e8\u9577\u3002<\/p>\n<p>\u20272011\u5e749\u67084\u65e5\uff0c\u7372\u4fdd\u52a0\u5229\u4e9e\u6b50\u6d32\u767c\u5c55\u516c\u6c11\u9ee8\u63d0\u540d\u70ba\u7e3d\u7d71\u5019\u9078\u4eba\u3002<\/p>\n<p>\u20272011\u5e7410\u670830\u65e5\uff0c\u64ca\u6557\u4fdd\u52a0\u5229\u4e9e\u793e\u6703\u9ee8\u5019\u9078\u4eba\u4f0a\u74e6\u4f0a\u6d1b\u00b7\u5361\u723e\u82ac\uff08Ivaylo Kalfin\uff09\uff0c\u7576\u9078\u70ba\u4fdd\u52a0\u5229\u4e9e\u7b2c\u56db\u4f4d\u6c11\u9078\u7e3d\u7d71\u30022012\u5e741\u6708\u5ba3\u8a93\u5c31\u8077\u3002<\/p>\n","protected":false},"excerpt":{"rendered":"<p>\u7f85\u68ee\u00b7\u666e\u5217\u592b\u5167\u5229\u8036\u592b\uff08Rosen Asenov Plevneliev\uff09 \u8eab\u4efd\uff1a\u4fdd\u52a0\u5229\u4e9e\u7e3d\u7d71 \u51fa\u751f\uff1a1964\u5e745\u670814\u65e5\u751f\u65bc\u4fdd\u52a0\u5229\u4e9e\u6208\u7b56\u00b7\u5fb7\u723e\u5207\u592b\u5e02 \u5b78\u6b77\uff1a \u2027\u7562\u696d\u65bc\u4fdd\u52a0\u5229\u4e9e\u7d22\u975e\u4e9e\u6280\u8853\u5927\u5b78 \u5bb6\u5ead\uff1a \u2027\u59bb\u5b50Yuliyana Plevnelieva \u2027\u80b2\u67093\u500b\u5152\u5b50\uff1aPhilip\u3001Asen\u3001Paul \u7c21\u6b77\uff1a \u2027\u9ad8\u4e2d\u6642\u671f\uff0c\u66fe\u7372\u5168\u570b\u96fb\u8166\u7de8\u7a0b\u7af6\u8cfd\u51a0\u8ecd\u3002 \u2027\u5927\u5b78\u7562\u696d\u5f8c\uff0c\u5728\u4fdd\u52a0\u5229\u4e9e\u5fae\u8655\u7406\u5668\u6280\u8853\u7814\u7a76\u9662\u4efb\u52a9\u7406\u7814\u7a76\u54e1\u3002 \u20271990\u5e74\uff0c\u5728\u5fb7\u570b\u5275\u7acb\u4e00\u5bb6\u5efa\u7bc9\u516c\u53f8\u3002 \u20271990\u5e74\u81f32009\u5e74\uff0c\u4ed6\u7684\u516c\u53f8\u5728\u5fb7\u570b\u3001\u4fdd\u52a0\u5229\u4e9e\u7b49\u570b\u627f\u5efa\u4e86\u5927\u91cf\u5efa\u7bc9\u9805\u76ee\u3002 \u20272004\u5e74\u81f32009\u5e74\uff0c\u64d4\u4efb\u4fdd\u52a0\u5229\u4e9e\u7f8e\u570b\u5546\u6703\u8463\u4e8b\u6703\u6210\u54e1\u3001\u4fdd\u52a0\u5229\u4e9e\u50f1\u4e3b\u548c\u5de5\u696d\u5bb6\u806f\u5408\u6703\u8463\u4e8b\u6703\u6210\u54e1\uff0c\u4ee5\u53ca\u300c\u70ba\u4e86\u6211\u5011\u7684\u5b69\u5b50\u300d\u57fa\u91d1\u6703\u8463\u4e8b\u6703\u6210\u54e1\u3002 \u20272009\u5e747\u670827\u65e5\u81f32011\u5e749\u67089\u65e5\uff0c\u51fa\u4efb\u653f\u5e9c\u5730\u5340\u767c\u5c55\u548c\u516c\u5171\u5de5\u7a0b\u90e8\u9577\u3002 \u20272011\u5e749\u67084\u65e5\uff0c\u7372\u4fdd\u52a0\u5229\u4e9e\u6b50\u6d32\u767c\u5c55\u516c\u6c11\u9ee8\u63d0\u540d\u70ba\u7e3d\u7d71\u5019\u9078\u4eba\u3002 \u20272011\u5e7410\u670830\u65e5\uff0c\u64ca\u6557\u4fdd\u52a0\u5229\u4e9e\u793e\u6703\u9ee8\u5019\u9078\u4eba\u4f0a\u74e6\u4f0a\u6d1b\u00b7\u5361\u723e\u82ac\uff08Ivaylo Kalfin\uff09\uff0c\u7576\u9078\u70ba\u4fdd\u52a0\u5229\u4e9e\u7b2c\u56db\u4f4d\u6c11\u9078\u7e3d\u7d71\u30022012\u5e741\u6708\u5ba3\u8a93\u5c31\u8077\u3002<\/p>\n","protected":false},"author":1207,"featured_media":39687,"parent":0,"menu_order":0,"comment_status":"open","ping_status":"open","template":"page-templates\/who-events.php","meta":[],"jetpack_shortlink":"https:\/\/wp.me\/PaaypJ-7Xt","jetpack-related-posts":[{"id":87015,"url":"https:\/\/www.symedialab.com\/talk\/%e7%be%85%e5%a1%9e%e5%a4%ab\/","url_meta":{"origin":30595,"position":0},"title":"\u7f85\u585e\u592b","author":"Patricia Leung","date":"April 7, 2016","format":false,"excerpt":"\u7f85\u585e\u592b\uff08Dilma Vana Rousseff\uff09 \u8eab\u4efd\uff1a\u5df4\u897f\u7e3d\u7d71\uff08\u5df2\u88ab\u505c\u8077\uff09 \u51fa\u751f\uff1a1947\u5e7412\u670814\u65e5\u751f\u65bc\u5df4\u897fBelo Horizonte \u5b78\u6b77\uff1a \u2027\u66fe\u5c31\u8b80\u4e2d\u592e\u5dde\u9ad8\u4e2d\uff0c\u9019\u5b78\u6821\u4ee5\u5b78\u751f\u516c\u958b\u53cd\u5c0d\u5df4\u897f\u8ecd\u653f\u5e9c\u7368\u88c1\u7d71\u6cbb\u805e\u540d\u3002 \u20271977\u5e74\uff0c\u7562\u696d\u65bc\u5357\u91cc\u5967\u683c\u862d\u5fb7\u5dde\u806f\u90a6\u5927\u5b78\u3002 \u20271978\u5e74\uff0c\u5728\u5dde\u7acb\u574e\u76ae\u7d0d\u65af\u5927\u5b78\u653b\u8b80\u7d93\u6fdf\u5b78\u78a9\u58eb\u5b78\u4f4d\u3002 \u5bb6\u5ead\uff1a \u2027\u7236\u89aa\u4f69\u5fb7\u7f85\u00b7\u7f85\u585e\u592b\u662f\u4fdd\u52a0\u5229\u4e9e\u79fb\u6c11 \u2027\u6bcd\u89aa\u8fea\u723e\u746a\u00b7\u54c8\u5167\u00b7\u5e2d\u723e\u74e6\u662f\u571f\u751f\u571f\u9577\u7684\u5df4\u897f\u4eba \u2027\u7b2c\u4e00\u4efb\u4e08\u592bCl\u00e1udio Galeno Linhares \u2027\u7b2c\u4e8c\u4efb\u4e08\u592bCarlos Franklin Paix\u00e3o de Ara\u00fajo \u2027\u80b2\u6709\u4e00\u5973Paula Rousseff Ara\u00fajo \u6240\u5c6c\u653f\u9ee8\uff1a \u2027\u5df4\u897f\u52de\u5de5\u9ee8 \u7c21\u6b77\uff1a \u2027\u51fa\u8eab\u65bc\u4e00\u500b\u4e2d\u7522\u968e\u7d1a\u5bb6\u5ead\uff0c\u5e73\u65e5\u559c\u6b61\u6b77\u53f2\u3001\u6232\u5287\u3002 \u20271967\u5e74\uff0c\u7d50\u8b58\u4efb\u8077\u8a18\u8005\u7684Cl\u00e1udio Galeno Linhares\uff0c\u6b21\u5e74\u8207Cl\u00e1udio\u7d50\u5a5a\u3002\u7919\u65bc\u653f\u6cbb\u58d3\u529b\uff0c\u7576\u664221\u6b72\u7684\u7f85\u585e\u592b\u653e\u68c4\u5728\u7c73\u7d0d\u5409\u62c9\u65af\u5dde\u806f\u90a6\u5927\u5b78\u7d93\u6fdf\u5b78\u9662\u7684\u8ab2\u7a0b\uff0c\u8207Cl\u00e1udio\u4e00\u540c\u9077\u81f3\u91cc\u7d04\u71b1\u5167\u76e7\u3002\u5728\u91cc\u7d04\u71b1\u5167\u76e7\u671f\u9593\uff0c\u7f85\u585e\u592b\u8a8d\u8b58\u4e86\u6642\u5e7431\u6b72\u7684\u5f8b\u5e2bCarlos Franklin Paix\u00e3o de Ara\u00fajo\uff0c1969\u5e74\u5979\u8207Cl\u00e1udio\u96e2\u5a5a\uff0c\u8207Carlos\u7d50\u5a5a\uff0c\u5169\u4eba\u65bc2000\u5e74\u96e2\u5a5a\u3002 \u20271970\u5e74\u4ee3\u8d77\u7a4d\u6975\u53c3\u653f\uff0c\u66fe\u56e0\u53c3\u8207\u53cd\u7368\u88c1\u5730\u4e0b\u7d44\u7e54\u99ac\u514b\u601d\u4e3b\u7fa9\u904a\u64ca\u968a\u800c\u5750\u904e\u7262\u3002\u5831\u9053\u6307\u5979\u906d\u9047\u9023\u7e8c22\u5929\u9177\u5211\uff0c\u5305\u62ec\u97ad\u6253\u3001\u96fb\u64ca\uff0c\u5728\u76e3\u7344\u4e2d\u5ea6\u904e\u7d043\u5e74\u3002 \u20271972\u5e74\uff0c\u7372\u91cb\u6642\u6bd4\u5165\u7344\u524d\u7626\u4e86\u7d049\u516c\u65a4\uff0c\u60a3\u6709\u7532\u72c0\u817a\u75be\u75c5\uff0c\u4e26\u906d\u7c73\u7d0d\u5409\u62c9\u65af\u5dde\u806f\u90a6\u5927\u5b78\u958b\u9664\u5b78\u7c4d\u3002\u5979\u5176\u5f8c\u65bc\u5357\u88e1\u5967\u683c\u862d\u5fb7\u5dde\u7e7c\u7e8c\u5f9e\u653f\uff0c\u4e26\u5354\u52a9\u6210\u7acb\u6c11\u4e3b\u52de\u5de5\u9ee8\u3002 \u20272000\u5e74\uff0c\u96e2\u958b\u6c11\u4e3b\u52de\u5de5\u9ee8\u4e26\u52a0\u5165\u5df4\u897f\u52de\u5de5\u9ee8\u3002 \u20272002\u5e74\uff0c\u7372\u7576\u9078\u7e3d\u7d71\u7684\u76e7\u62c9\u59d4\u4efb\u70ba\u7926\u696d\u53ca\u80fd\u6e90\u90e8\u90e8\u9577\u3002 \u20272005\u5e74\uff0c\u64e2\u5347\u70ba\u5df4\u7e3d\u7d71\u5e9c\u6c11\u4e8b\u8fa6\u516c\u5ba4\u4e3b\u4efb\u3002 \u20272008\u5e744\u6708\uff0c\u5ba3\u4f48\u6b63\u5728\u63a5\u53d7\u65e9\u671f\u6dcb\u5df4\u764c\u6cbb\u7642\uff0c\u63a5\u8457\u63a5\u53d74\u500b\u6708\u7684\u5316\u5b78\u6cbb\u7642\u3002 \u20272009\u5e749\u6708\uff0c\u5ba3\u5e03\u8eab\u9ad4\u5eb7\u5fa9\u3002 \u20272010\u5e743\u6708\uff0c\u8fad\u53bb\u516c\u8077\uff0c\u53c3\u8207\u7b2c40\u4efb\u5df4\u897f\u7e3d\u7d71\u9078\u8209\u3002 \u20272010\u5e7410\u670831\u65e5\uff0c\u7576\u9078\u7e3d\u7d71\u3002 \u20272011\u5e741\u67081\u65e5\uff0c\u6b63\u5f0f\u5c31\u8077\u7e3d\u7d71\u3002 \u20272014\u5e7410\u670826\u65e5\uff0c\u6210\u529f\u9023\u4efb\u7e3d\u7d71\u3002 \u20272015\u5e741\u67081\u65e5\uff0c\u7f85\u585e\u592b\u7b2c\u4e8c\u4efb\u671f\u5c31\u8077\u5178\u79ae\u5728\u9996\u90fd\u5df4\u897f\u5229\u4e9e\u8209\u884c\uff0c\u6210\u70ba\u5df4\u897f\u7b2c\u4e00\u4f4d\u87ec\u806f\u7e3d\u7d71\u5bf6\u5ea7\u7684\u5973\u7e3d\u7d71\u3002 \u20272016\u5e745\u670812\u65e5\uff0c\u5df4\u897f\u53c3\u8b70\u9662\u6295\u7968\u8868\u6c7a\uff0c\u4ee555\u7968\u8d0a\u6210\u300122\u7968\u53cd\u5c0d\u7684\u6bd4\u6578\uff0c\u901a\u904e\u7f85\u585e\u592b\u5f48\u52be\u5be9\u5224\u6848\uff0c\u7f85\u585e\u592b\u5373\u65e5\u8d77\u505c\u8077\u6700\u9577180\u5929\u63a5\u53d7\u8abf\u67e5\u3002","rel":"","context":"Similar post","block_context":{"text":"Similar post","link":""},"img":{"alt_text":"","src":"https:\/\/i0.wp.com\/www.symedialab.com\/talk\/wp-content\/uploads\/2016\/04\/6159252dd42a2834257743f359b5c9ea14cebf70-e1460010445224.jpg?resize=350%2C200&ssl=1","width":350,"height":200},"classes":[]},{"id":90675,"url":"https:\/\/www.symedialab.com\/talk\/%e6%9d%8e%e5%8b%87%e6%b5%a9\/","url_meta":{"origin":30595,"position":1},"title":"\u674e\u52c7\u6d69","author":"Patricia Leung","date":"May 18, 2016","format":false,"excerpt":"\u8eab\u4efd\uff1a\u5317\u97d3\u5916\u9577 \u51fa\u751f\uff1a1938\u5e74\u751f\u65bc\u54b8\u93e1\u5317\u9053 \u5b78\u6b77\uff1a \u2027\u7562\u696d\u65bc\u5e73\u58e4\u5916\u570b\u8a9e\u5927\u5b78\u82f1\u8a9e\u5c08\u696d \u7c21\u6b77\uff1a \u2027\u66fe\u51fa\u4efb\u5317\u97d3\u99d0\u82f1\u570b\u5927\u4f7f\uff0c\u66fe\u4ee5\u5317\u97d3\u4ee3\u8868\u8eab\u5206\u51fa\u5e2d\u8a0e\u8ad6\u5317\u97d3\u6838\u554f\u984c\u7684\u516d\u65b9\u6703\u8ac7\u3002\u5728\u4e5d\u5341\u5e74\u4ee3\uff0c\u66fe\u53c3\u8207\u5317\u97d3\u8207\u7f8e\u570b\u7684\u8ac7\u5224\u3002 \u20271984\u5e74\u81f31991\u5e749\u6708\uff0c\u96a8\u671d\u9bae\u5916\u52d9\u7701\u526f\u5916\u76f8\u59dc\u932b\u67f1\uff0c\u5c31\u5357\u5317\u97d3\u540c\u6642\u52a0\u5165\u806f\u5408\u570b\u554f\u984c\u591a\u6b21\u51fa\u5e2d\u806f\u5408\u570b\u6703\u8b70\u3002 \u20271992\u5e74\uff0c\u5347\u4efb\u5916\u52d9\u7701\u5de1\u8ff4\u5927\u4f7f\u3002 \u20271993\u5e741\u6708\uff0c\u51fa\u8a2a\u5308\u7259\u5229\u3001\u4fdd\u52a0\u5229\u4e9e\u3001\u5fb7\u570b\u3001\u745e\u58eb\u7b49\u570b\u3002 \u20271992\u5e74\uff0c\u96a8\u52de\u52d5\u9ee8\u66f8\u8a18\u517c\u570b\u969b\u90e8\u9577\u91d1\u5bb9\u6df3\u53c3\u52a0\u671d\u7f8e\u9996\u6b21\u9ad8\u7d1a\u6703\u8ac7\u3002\u66fe\u70ba\u91d1\u65e5\u6210\u592b\u4eba\u91d1\u8056\u611b\u7576\u6cd5\u8a9e\u7ffb\u8b6f\u3002 \u20272003\u5e74\uff0c\u51fa\u4efb\u671d\u9bae\u99d0\u82f1\u570b\u5927\u4f7f\u3002 \u20272010\u5e749\u670823\u65e5\uff0c\u671d\u9bae\u6700\u9ad8\u4eba\u6c11\u6703\u8b70\u5e38\u4efb\u59d4\u54e1\u6703\u767c\u5e03\u653f\u4ee4\uff0c\u4efb\u547d\u674e\u52c7\u6d69\u70ba\u5916\u52d9\u7701\u526f\u76f8\u3002 \u20272011\u5e74\uff0c\u66fe\u8207\u5357\u97d3\u4ee3\u8868\u5728\u5370\u5c3c\u6703\u6664\uff0c\u4fc3\u6210\u6838\u8ac7\u5224\uff0c\u7576\u5e74\u88ab\u8996\u70ba\u4e00\u5927\u7a81\u7834\u3002 \u20272016\u5e745\u670817\u65e5\uff0c\u63a5\u66ff\u674e\u6d19\u5889\u51fa\u4efb\u5916\u9577\u3002","rel":"","context":"Similar post","block_context":{"text":"Similar post","link":""},"img":{"alt_text":"","src":"https:\/\/i0.wp.com\/www.symedialab.com\/talk\/wp-content\/uploads\/2016\/05\/material_140108697828779_400x300-e1463506748360.jpg?resize=350%2C200&ssl=1","width":350,"height":200},"classes":[]},{"id":30535,"url":"https:\/\/www.symedialab.com\/talk\/%e6%99%ae%e4%ba%ac\/","url_meta":{"origin":30595,"position":2},"title":"\u666e\u4eac","author":"Patricia Leung","date":"March 9, 2015","format":false,"excerpt":"\u5f17\u62c9\u57fa\u7c73\u723e\u00b7\u5f17\u62c9\u57fa\u7c73\u7f85\u7dad\u5947\u00b7\u666e\u4eac\uff08\u0412\u043b\u0430\u0434\u0438\u0301\u043c\u0438\u0440 \u0412\u043b\u0430\u0434\u0438\u0301\u043c\u0438\u0440\u043e\u0432\u0438\u0447 \u041f\u0443\u0301\u0442\u0438\u043d\uff09 \u8eab\u4efd\uff1a\u4fc4\u7f85\u65af\u7e3d\u7d71 \u51fa\u751f\uff1a1952\u5e7410\u67087\u65e5\u751f\u65bc\u5217\u5be7\u683c\u52d2\uff08\u73fe\u8056\u5f7c\u5f97\u5821\uff09 \u5b97\u6559\uff1a\u4fc4\u7f85\u65af\u6771\u6b63\u6559 \u5b78\u6b77\uff1a \u20271975\u5e74\u7562\u696d\u65bc\u5217\u5be7\u683c\u52d2\u5927\u5b78\u570b\u969b\u6cd5\u5b78\u7cfb\uff0c\u64c1\u6709\u7d93\u6fdf\u5b78\u526f\u535a\u58eb\u5b78\u4f4d\u3002 \u5bb6\u5ead\uff1a \u2027\u7236\u89aa\u5f17\u62c9\u57fa\u7c73\u723e\u00b7\u65af\u76ae\u91cc\u591a\u8afe\u7dad\u5947\u00b7\u666e\u4eac\uff08\u0412\u043b\u0430\u0434\u0438\u043c\u0438\u0440 \u0421\u043f\u0438\u0440\u0438\u0434\u043e\u043d\u043e\u0432\u0438\u0447 \u041f\u0443\u0442\u0438\u043d\uff09\u66fe\u5728\u8607\u806f\u6d77\u8ecd\u670d\u5f79 \u2027\u6bcd\u89aa\u746a\u9e97\u4e9e\u00b7\u4f0a\u51e1\u8afe\u592b\u5a1c\u00b7\u666e\u4eac\u5a1c\uff08Maria Ivanovna\uff09\u662f\u4e00\u540d\u5de5\u5ee0\u5973\u5de5 \u2027\u6709\u5169\u500b\u54e5\u54e5\uff0c\u5747\u751f\u65bc1930\u5e74\u4ee3\u4e2d\u671f\uff0c\u4e00\u500b\u65e9\u592d\uff0c\u53e6\u4e00\u500b\u5247\u5728\u5217\u5be7\u683c\u52d2\u4fdd\u885b\u6230\u4e2d\u6b7b\u65bc\u767d\u5589\u3002 \u2027\u7956\u7236\u65af\u76ae\u91cc\u6771\u00b7\u666e\u4eac\u66fe\u662f\u5217\u5be7\u548c\u53f2\u592a\u6797\u7684\u79c1\u4eba\u5eda\u5e2b \u2027\u524d\u59bb\u67f3\u5fb7\u7c73\u62c9\u00b7\u666e\u4eac\u5a1c\uff0c\u66fe\u5728\u52a0\u91cc\u5be7\u683c\u52d2\u822a\u7a7a\u968a\u7576\u7a7a\u59d0\uff0c\u5176\u5f8c\u9032\u5165\u5217\u5be7\u683c\u52d2\u570b\u7acb\u5927\u5b78\u8a9e\u8a00\u7cfb\u5b78\u7fd2\u897f\u73ed\u7259\u8a9e\uff0c\u66fe\u5728\u4fc4\u7f85\u65af\u7684\u5e03\u826f\u65af\u514b\u5e02\u4efb\u5927\u5b78\u6559\u5e2b\u3002\u8207\u666e\u4eac\u65bc2013\u5e746\u6708\u96e2\u5a5a\u3002 \u2027\u9577\u5973\u746a\u9e97\u4e9e\u00b7\u666e\u4eac\u5a1c\uff08Mariya\uff09\u3001\u5c0f\u5973\u5152\u8449\u5361\u6377\u7433\u5a1c\u00b7\u666e\u4eac\u5a1c\uff08Yekaterina\uff09 \u7c21\u6b77\uff1a \u2027\u65e9\u5e74\u52a0\u5165\u4e86\u8607\u806f\u570b\u5bb6\u5b89\u5168\u59d4\u54e1\u6703\uff08\u7c21\u7a31KGB\uff09 \u20271976\u5e74\u5b8c\u6210KGB\u7684\u8a13\u7df4\uff0c\u9032\u5165\u5217\u5be7\u683c\u52d2\u60c5\u5831\u6a5f\u95dc\u6a5f\u8981\u90e8\u9580\u3002 \u20271985\u5e74\u81f31990\u5e74\uff0c\u88ab\u6d3e\u5f80\u6771\u5fb7\u9032\u884c\u9593\u8adc\u4efb\u52d9\u3002 \u20271990\u5e74\u56de\u570b\u5f8c\uff0c\u5148\u5f8c\u64d4\u4efb\u5217\u5be7\u683c\u52d2\u5927\u5b78\u6821\u9577\u5916\u4e8b\u52a9\u7406\u3001\u8056\u5f7c\u5fb7\u5821\u5e02\u5e02\u9577\u9867\u554f\u3001\u5e02\u653f\u5e9c\u5c0d\u5916\u806f\u7d61\u59d4\u54e1\u6703\u4e3b\u5e2d\u548c\u8056\u5f7c\u5fb7\u5821\u5e02\u7b2c\u4e00\u526f\u5e02\u9577\u3002 \u20271991\u5e748\u670820\u65e5\uff0cKGB\u7b56\u5283\u63a8\u7ffb\u8607\u806f\u7e3d\u7d71\u7c73\u54c8\u4f0a\u723e\u00b7\u6208\u5df4\u5353\u592b\uff0c\u4ed6\u8fad\u53bb\u60c5\u5831\u6a5f\u69cb\u7684\u8077\u4f4d\u3002 \u20271996\u5e748\u6708\uff0c\u51fa\u4efb\u4fc4\u7e3d\u7d71\u4e8b\u52d9\u7ba1\u7406\u5c40\u526f\u5c40\u9577\u3002 \u20271997\u5e743\u6708\uff0c\u51fa\u4efb\u4fc4\u7e3d\u7d71\u8fa6\u516c\u5ef3\u526f\u4e3b\u4efb\u517c\u76e3\u5bdf\u5c40\u5c40\u9577\u3002 \u20271998\u5e745\u6708\uff0c\u51fa\u4efb\u7e3d\u7d71\u8fa6\u516c\u5ef3\u7b2c\u4e00\u526f\u4e3b\u4efb\u3002 \u20271999\u5e743\u6708\uff0c\u51fa\u4efb\u4fc4\u806f\u90a6\u5b89\u5168\u6703\u8b70\u79d8\u66f8\u3002 \u20271999\u5e748\u67089\u65e5\uff0c\u7372\u59d4\u4efb\u70ba3\u4f4d\u4fc4\u7f85\u65af\u7b2c\u4e00\u526f\u7e3d\u7406\u4e4b\u4e00\u3002 \u20271999\u5e748\u670816\u65e5\uff0c\u570b\u5bb6\u675c\u99ac\u4ee5233\u7968\u901a\u904e\u666e\u4eac\u51fa\u4efb\u7e3d\u7406\u3002 \u20271999\u5e7412\u670831\u65e5\uff0c\u8449\u5229\u6b3d\u5ba3\u5e03\u8fad\u8077\uff0c\u666e\u4eac\u6839\u64da\u61b2\u6cd5\u898f\u5b9a\u51fa\u4efb\u4ee3\u7e3d\u7d71\u3002 \u20272004\u5e743\u670814\u65e5\uff0c\u6210\u529f\u9023\u4efb\u7e3d\u7d71\uff0c\u5f97\u523071%\u7684\u7d55\u5c0d\u591a\u6578\u7968\u3002 \u20272008\u5e745\u6708\uff0c\u666e\u4eac\u5378\u4efb\u7e3d\u7d71\uff0c\u51fa\u4efb\u7d71\u4e00\u4fc4\u7f85\u65af\u9ee8\u4e3b\u5e2d\u517c\u653f\u5e9c\u7e3d\u7406\uff0c\u4ecd\u7e7c\u7e8c\u638c\u63e1\u570b\u5bb6\u5be6\u6b0a\u3002\u7e3d\u7d71\u4e4b\u4f4d\u7531\u5fb7\u7c73\u7279\u91cc\u00b7\u963f\u7d0d\u6258\u5229\u8036\u7dad\u5947\u00b7\u6885\u5fb7\u97cb\u5091\u592b\u63a5\u4efb\uff0c\u570b\u5bb6\u5be6\u969b\u4e0a\u7531\u300c\u6885\u666e\u7d44\u5408\u300d\u9818\u5c0e\u3002 \u20272011\u5e7411\u670827\u65e5\uff0c\u7372\u7d71\u4e00\u4fc4\u7f85\u65af\u9ee8\u6b63\u5f0f\u63a8\u9078\u70ba\u7e3d\u7d71\u5019\u9078\u4eba\u3002 \u20272012\u5e743\u67084\u65e5\uff0c\u5728\u7e3d\u7d71\u5927\u9078\u9996\u8f2a\u6295\u7968\u4e2d\u7372\u5f9763.75%\u9078\u7968\uff0c\u7b2c\u4e09\u6b21\u7576\u9078\u7e3d\u7d71\u3002\u5fb7\u7c73\u7279\u91cc\u00b7\u963f\u7d0d\u6258\u5229\u8036\u7dad\u5947\u00b7\u6885\u5fb7\u97cb\u5091\u592b\u51fa\u4efb\u4fc4\u7f85\u65af\u7e3d\u7406\u3002\u5169\u4eba\u65bc5\u67087\u65e5\u5c31\u8077\u3002 \u20272013\u5e746\u670812\u65e5\uff0c\u7576\u9078\u793e\u6703\u904b\u52d5\u300c\u5168\u4fc4\u4eba\u6c11\u9663\u7dda\u300d\u6700\u9ad8\u9818\u5c0e\u4eba\u3002 \u20272018\u5e743\u670818\u65e5\uff0c\u89d2\u9010\u9023\u4efb\u7684\u666e\u4eac\u4ee576.68%\u9ad8\u5f97\u7968\u7387\uff0c\u7b2c\u56db\u5ea6\u7576\u9078\u7e3d\u7d71\u3002","rel":"","context":"Similar post","block_context":{"text":"Similar post","link":""},"img":{"alt_text":"","src":"https:\/\/i0.wp.com\/www.symedialab.com\/talk\/wp-content\/uploads\/2015\/03\/\u666e\u4eac.jpg?resize=350%2C200&ssl=1","width":350,"height":200},"classes":[]},{"id":78341,"url":"https:\/\/www.symedialab.com\/talk\/%e5%b8%8c%e6%8b%89%e8%8e%89\/","url_meta":{"origin":30595,"position":3},"title":"\u5e0c\u62c9\u8389","author":"Patricia Leung","date":"January 8, 2016","format":false,"excerpt":"\u5e0c\u62c9\u8389\u00b7\u514b\u6797\u9813\uff08Hillary Rodham Clinton\uff09 \u8eab\u4efd\uff1a\u7f8e\u570b\u524d\u570b\u52d9\u537f \u51fa\u751f\uff1a1947\u5e7410\u670826\u65e5\u751f\u65bc\u4f0a\u5229\u8afe\u5dde \u5b78\u6b77\uff1a \u20271969\u5e74\u7562\u696d\u65bc\u885e\u65af\u7406\u5b78\u9662\uff08Wellesley College\uff09 \u20271973\u5e74\u7562\u696d\u65bc\u8036\u9b6f\u5927\u5b78\uff08Yale University\uff09\u6cd5\u5b78\u9662 \u5bb6\u5ead\uff1a \u2027\u7236\u89aa\u4f11\u4f0a\u00b7E\u00b7\u7f85\u5fb7\u59c6\uff08Hugh Rodham\uff09\u662f\u5171\u548c\u9ee8\u4eba \u2027\u6bcd\u89aa\u591a\u863f\u897f\u00b7\u8c6a\u5384\u723e\u00b7\u7f85\u5fb7\u59c6\uff08Dorothy Howell\uff09 \u2027\u4e08\u592b\u6bd4\u723e\u00b7\u514b\u6797\u9813\uff08Bill Clinton\uff09\u662f\u7f8e\u570b\u7b2c42\u5c46\u7e3d\u7d71\uff0c\u5169\u4eba\u65bc1975\u5e74\u7d50\u5a5a\u3002 \u2027\u5973\u5152\u5207\u723e\u897f\u00b7\u514b\u6797\u9813\uff08Chelsea Victoria Clinton\uff09 \u7c21\u6b77\uff1a \u2027\u5f9e\u8036\u9b6f\u5927\u5b78\u6cd5\u5b78\u9662\u7562\u696d\u5f8c\uff0c\u958b\u5c55\u5f8b\u5e2b\u751f\u6daf\u3002 \u20271968\u5e74\u52a0\u5165\u6c11\u4e3b\u9ee8 \u20271979\u5e74\uff0c\u6210\u70ba\u7f85\u65af\u5f8b\u5e2b\u4e8b\u52d9\u6240\uff08Rose Law Firm\uff09\u6b77\u53f2\u4e0a\u7b2c\u4e00\u4f4d\u5973\u6027\u5408\u5925\u4eba\u3002 \u20271979\u5e74\u81f31981\u5e74\u30011983\u5e74\u81f31992\u5e74\uff0c\u64d4\u4efb\u963f\u80af\u8272\u5dde\u7b2c\u4e00\u592b\u4eba\u3002 \u20271993\u5e741\u670820\u65e5\u81f32001\u5e741\u670820\u65e5\uff0c\u7f8e\u570b\u7b2c\u4e00\u592b\u4eba\u3002 \u20272001\u5e741\u67083\u65e5\u81f32009\u5e741\u670821\u65e5\uff0c\u7576\u9078\u7f8e\u570b\u7d10\u7d04\u5dde\u53c3\u8b70\u54e1\u3002 \u20272006\u5e7411\u67087\u65e5\uff0c\u9023\u4efb\u7d10\u7d04\u5dde\u53c3\u8b70\u54e1\u3002 \u20272009\u5e741\u670821\u65e5\u81f32013\u5e742\u67081\u65e5\uff0c\u7f8e\u570b\u7e3d\u7d71\u5967\u5df4\u99ac\u63d0\u540d\u5e0c\u62c9\u8389\u51fa\u4efb\u7f8e\u570b\u570b\u52d9\u537f\u3002 \u20272012\u5e7412\u6708\u5e95\uff0c\u5728\u5bb6\u4e2d\u6688\u5012\u5c0e\u81f4\u8f15\u5fae\u8166\u9707\u76ea\uff0c 30\u65e5\u56e0\u51fa\u73fe\u8840\u6813\u800c\u5165\u9662\u6cbb\u7642\u3002 \u20272011\u5e743\u6708\uff0c\u8868\u793a\u4e0d\u6703\u518d\u64d4\u4efb\u4e0b\u4e00\u5c46\u570b\u52d9\u537f\u3002 \u20272015\u5e744\u670812\u65e5\uff0c\u5ba3\u5e03\u53c3\u52a02016\u5e74\u7f8e\u570b\u7e3d\u7d71\u9078\u8209\u3002 \u20272016\u5e7411\u67088\u65e5\uff0c\u5728\u7f8e\u570b\u7e3d\u7d71\u5927\u9078\u7206\u51b7\u843d\u6557\uff0c\u96d6\u7136\u7e3d\u5f97\u7968\u9060\u8d85\u5c0d\u624b\u7279\u6717\u666e\uff0c\u60df\u5728\u9078\u8209\u4eba\u7968\u5236\u5ea6\u4e0b\uff0c\u672a\u80fd\u6210\u529f\u5165\u4e3b\u767d\u5bae\u3002","rel":"","context":"Similar post","block_context":{"text":"Similar post","link":""},"img":{"alt_text":"","src":"https:\/\/i0.wp.com\/www.symedialab.com\/talk\/wp-content\/uploads\/2016\/01\/301.jpg?resize=350%2C200&ssl=1","width":350,"height":200},"classes":[]},{"id":30622,"url":"https:\/\/www.symedialab.com\/talk\/%e7%b4%8d%e6%89%8e%e7%88%be%e5%b7%b4%e8%80%b6%e5%a4%ab\/","url_meta":{"origin":30595,"position":4},"title":"\u7d0d\u624e\u723e\u5df4\u8036\u592b","author":"Patricia Leung","date":"March 9, 2015","format":false,"excerpt":"\u52aa\u723e\u8607\u4e39\u00b7\u963f\u6bd4\u820d\u7dad\u5947\u00b7\u7d0d\u624e\u723e\u5df4\u8036\u592b\uff08Nursultan Abishevich Nazarbayev\uff09 \u8eab\u4efd\uff1a\u54c8\u85a9\u514b\u65af\u5766\u7e3d\u7d71 \u51fa\u751f\uff1a1940\u5e747\u67086\u65e5\u751f\u65bc\u54c8\u85a9\u514b\u8607\u7dad\u57c3\u793e\u6703\u4e3b\u7fa9\u5171\u548c\u570b\u963f\u62c9\u6728\u5716\u5dde\u5361\u65af\u514b\u9023\u5340\u5207\u83ab\u723e\u7518\u6751 \u5b97\u6559\uff1a\u4f0a\u65af\u862d\u6559 \u5b78\u6b77\uff1a \u20271967\u5e74\u7562\u696d\u65bc\u5361\u62c9\u5e79\u9054\u51b6\u91d1\u806f\u5408\u4f01\u696d\u9ad8\u7b49\u6280\u8853\u5b78\u6821\u548c\u8607\u5171\u4e2d\u592e\u9ad8\u7d1a\u9ee8\u6821\u51fd\u6388\u73ed\uff0c\u7372\u51b6\u91d1\u5de5\u7a0b\u5e2b\u8077\u7a31\u548c\u7d93\u6fdf\u5b78\u535a\u58eb\u5b78\u4f4d\u3002 \u5bb6\u5ead\uff1a \u2027\u59bb\u5b50\u662f\u85a9\u62c9\u00b7\u963f\u723e\u8c9d\u7d22\u8299\u5a1c\u00b7\u7d0d\u624e\u723e\u5df4\u8036\u5a03 \u2027\u80b2\u67093\u500b\u5973\u5152 \u7c21\u6b77\uff1a \u20271979\u5e74\u81f31984\u5e74\uff1a\u54c8\u85a9\u514b\u5171\u7522\u9ee8\u4e2d\u592e\u59d4\u54e1\u6703\u66f8\u8a18 \u20271984\u5e74\u81f31989\u5e74\uff1a\u90e8\u9577\u6703\u8b70\u4e3b\u5e2d\uff08\u7e3d\u7406\uff09 \u20271989\u5e74\u81f31991\u5e74\uff1a\u5171\u7522\u9ee8\u4e2d\u592e\u59d4\u54e1\u6703\u7b2c\u4e00\u66f8\u8a18\uff08\u6700\u9ad8\u9818\u5c0e\u4eba\uff09 \u20271990\u5e742\u6708\uff1a\u517c\u4efb\u6700\u9ad8\u8607\u7dad\u57c3\u4e3b\u5e2d\uff08\u570b\u5bb6\u5143\u9996\uff09 \u20271990\u5e744\u6708\u8d77\uff1a\u54c8\u85a9\u514b\u65af\u5766\u7e3d\u7d71 \u2027\u5176\u5f8c\u5206\u5225\u57281991\u5e74\u30011999\u5e74\u30012005\u5e74\u30012011\u5e74\u9023\u4efb\u54c8\u85a9\u514b\u65af\u5766\u7e3d\u7d71\u3002 \u20272002\u5e7412\u6708\uff0c\u7372\u5317\u4eac\u5927\u5b78\u6388\u4e88\u540d\u8b7d\u535a\u58eb\u5b78\u4f4d\u3002 \u00a0","rel":"","context":"Similar post","block_context":{"text":"Similar post","link":""},"img":{"alt_text":"","src":"https:\/\/i0.wp.com\/www.symedialab.com\/talk\/wp-content\/uploads\/2015\/03\/441.jpg?resize=350%2C200&ssl=1","width":350,"height":200},"classes":[]},{"id":30597,"url":"https:\/\/www.symedialab.com\/talk\/%e7%b4%b9%e5%88%a9%c2%b7%e5%b0%bc%e5%b0%bc%e6%96%af%e6%89%98\/","url_meta":{"origin":30595,"position":5},"title":"\u7d39\u5229\u00b7\u5c3c\u5c3c\u65af\u6258","author":"Patricia Leung","date":"March 9, 2015","format":false,"excerpt":"\u7d39\u5229\u00b7\u5c3c\u5c3c\u65af\u6258\uff08Sauli V\u00e4in\u00e4m\u00f6 Niinist\u00f6\uff09 \u8eab\u4efd\uff1a\u82ac\u862d\u7e3d\u7d71 \u51fa\u751f\uff1a1948\u5e748\u670824\u65e5\u751f\u65bc\u82ac\u862d\u5357\u90e8\u57ce\u5e02\u85a9\u6d1b \u5b78\u6b77\uff1a \u2027\u7562\u696d\u65bc\u5716\u723e\u5eab\u5927\u5b78\uff08Turun yliopisto\uff09 \u5bb6\u5ead\uff1a \u2027\u7b2c\u4e00\u4efb\u59bb\u5b50Marja-Leena Niinist\u00f6\uff0c1995\u5e74\u6b7b\u65bc\u8eca\u798d\u3002 \u20272009\u5e741\u6708\u8207Jenni Haukio\u7d50\u5a5a\u3002 \u7c21\u6b77\uff1a \u20271987\u5e74\uff0c\u7372\u9078\u897f\u5357\u82ac\u862d\u5340\u570b\u6703\u8b70\u54e1\u3002 \u20271994\u5e74\u81f32001\u5e74\uff0c\u4efb\u82ac\u862d\u6c11\u65cf\u806f\u5408\u9ee8\u4e3b\u5e2d\u3002 \u20271995\u5e74\u81f31996\u5e74\uff0c\u4efb\u82ac\u862d\u53f8\u6cd5\u90e8\u9577\u3002 \u20271996\u5e74\u81f32003\u5e74\uff0c\u64d4\u4efb\u8ca1\u653f\u90e8\u9577\uff0c\u57282006\u5e74\u7e3d\u7d71\u9078\u8209\u4e2d\u4ee3\u8868\u806f\u5408\u9ee8\u53c3\u9078\u3002 \u20271999\u5e74\u81f32003\u5e74\uff0c\u4efb\u6b50\u6d32\u5fa9\u8208\u958b\u767c\u9280\u884c\u8463\u4e8b\u6703\u4e3b\u5e2d\u3002 \u20272003\u5e74\u81f32007\u5e74\uff0c\u4efb\u6b50\u6d32\u6295\u8cc7\u9280\u884c\u526f\u884c\u9577\u3002 \u20272007\u5e74\u81f32011\u5e74\uff0c\u64d4\u4efb\u8b70\u6703\u8b70\u9577\u3002 \u20272002\u5e74\u8d77\uff0c\u64d4\u4efb\u6b50\u6d32\u4eba\u6c11\u9ee8\u69ae\u8b7d\u4e3b\u5e2d\u3002 \u20272012\u5e741\u670822\u65e5\u7684\u7b2c\u4e00\u8f2a\u7e3d\u7d71\u9078\u8209\u4e2d\uff0c\u4ed6\u57288\u540d\u5019\u9078\u4eba\u4e2d\u7372\u5f9737%\u5f97\u7968\u7387\uff0c\u4f4d\u5217\u7b2c\u4e00\uff0c\u5f8c\u4f86\u8207\u5f97\u7968\u7b2c\u4e8c\u4f4d\uff0818.8%\uff09\u3001\u5de6\u7ffc\u7da0\u8272\u806f\u76df\u7684\u4f69\u5361\u00b7\u54c8\u7dad\u65af\u6258\uff08Pekka Haavisto\uff09\u9032\u51652\u67085\u65e5\u7684\u7b2c\u4e8c\u8f2a\u5c0d\u6c7a\uff0c\u6700\u5f8c\u4ee562.6%\u5c0d37.4%\u7684\u7d50\u679c\u52dd\u51fa\u3002 \u20272012\u5e743\u67081\u65e5\uff0c\u6b63\u5f0f\u5c31\u4efb\u82ac\u862d\u7e3d\u7d71\uff0c\u662f\u82ac\u862d56\u5e74\u4f86\u9996\u4f4d\u53f3\u7ffc\u7e3d\u7d71\u3002","rel":"","context":"Similar post","block_context":{"text":"Similar post","link":""},"img":{"alt_text":"","src":"https:\/\/i0.wp.com\/www.symedialab.com\/talk\/wp-content\/uploads\/2015\/03\/293.jpg?resize=350%2C200&ssl=1","width":350,"height":200},"classes":[]}],"_links":{"self":[{"href":"https:\/\/www.symedialab.com\/talk\/wp-json\/wp\/v2\/pages\/30595"}],"collection":[{"href":"https:\/\/www.symedialab.com\/talk\/wp-json\/wp\/v2\/pages"}],"about":[{"href":"https:\/\/www.symedialab.com\/talk\/wp-json\/wp\/v2\/types\/page"}],"author":[{"embeddable":true,"href":"https:\/\/www.symedialab.com\/talk\/wp-json\/wp\/v2\/users\/1207"}],"replies":[{"embeddable":true,"href":"https:\/\/www.symedialab.com\/talk\/wp-json\/wp\/v2\/comments?post=30595"}],"version-history":[{"count":0,"href":"https:\/\/www.symedialab.com\/talk\/wp-json\/wp\/v2\/pages\/30595\/revisions"}],"wp:featuredmedia":[{"embeddable":true,"href":"https:\/\/www.symedialab.com\/talk\/wp-json\/wp\/v2\/media\/39687"}],"wp:attachment":[{"href":"https:\/\/www.symedialab.com\/talk\/wp-json\/wp\/v2\/media?parent=30595"}],"curies":[{"name":"wp","href":"https:\/\/api.w.org\/{rel}","templated":true}]}}